{"id":1045,"date":"2021-04-15T09:12:21","date_gmt":"2021-04-15T07:12:21","guid":{"rendered":"https:\/\/hcnpartners.com\/?page_id=1045"},"modified":"2021-08-31T16:38:36","modified_gmt":"2021-08-31T14:38:36","slug":"career","status":"publish","type":"page","link":"https:\/\/hcnpartners.com\/da\/career\/","title":{"rendered":"Karriere"},"content":{"rendered":"<div class=\"wpb-content-wrapper\"><div data-parent=\"true\" class=\"vc_row row-container\" id=\"row-161642\"><div class=\"row unequal col-no-gutter no-top-padding no-bottom-padding no-h-padding full-width row-parent\" data-height-ratio=\"16\"><div class=\"wpb_row row-inner\"><div class=\"wpb_column pos-middle pos-center align_center column_parent col-lg-8 tablet-hidden mobile-hidden single-internal-gutter\"><div class=\"uncol style-dark\"  ><div class=\"uncoltable\" style=\"min-height: 300px;\"><div class=\"uncell triple-block-padding\"><div class=\"column-background background-element\">\n\t\t\t\t\t\t\t\t\t\t\t<div class=\"background-wrapper\">\n\t\t\t\t\t\t\t\t\t\t\t\t<div class=\"background-inner\" style=\"background-image: url(https:\/\/hcnpartners.com\/wp-content\/uploads\/2021\/04\/Debt-advisory.jpg);background-repeat: no-repeat;background-position: center center;background-size: cover;\" data-o_src=\"https:\/\/hcnpartners.com\/wp-content\/uploads\/2021\/04\/Debt-advisory.jpg\"><\/div>\n\t\t\t\t\t\t\t\t\t\t\t\t<div class=\"block-bg-overlay style-accent-bg\" style=\"opacity: 0.33;\"><\/div>\n\t\t\t\t\t\t\t\t\t\t\t<\/div>\n\t\t\t\t\t\t\t\t\t\t<\/div><div class=\"uncont\"><div class=\"empty-space empty-quad\" ><span class=\"empty-space-inner\"><\/span><\/div>\n<\/div><\/div><\/div><\/div><\/div><div class=\"wpb_column pos-middle pos-center align_left column_parent col-lg-4 no-internal-gutter\"><div class=\"uncol style-dark\"  ><div class=\"uncoltable\"><div class=\"uncell quad-block-padding style-accent-bg\"><div class=\"uncont\"><div class=\"uncode_text_column careers vc_custom_1624541148529\"  style=\"margin-top: 20px ;\"><p>Vi er altid p\u00e5 udkig efter nye kollegaer som kan g\u00f8re en forskel, udvikle vores forretning samt assistere vores kunder. Venligst send relevante dokumenter til <a href=\"mailto:contact@hcnpartners.dk\">contact@hcnpartners.dk<\/a> og vi lader h\u00f8re fra os, snarest muligt<\/p>\n<p>Vores r\u00e5dgivere er kendetegnet ved gode akademiske resultater, en lyst til at g\u00f8re en forskel samt evnen til at indg\u00e5 i et team<\/p>\n<\/div><\/div><\/div><\/div><\/div><\/div><script id=\"script-row-161642\" data-row=\"script-row-161642\" type=\"text\/javascript\" class=\"vc_controls\">UNCODE.initRow(document.getElementById(\"row-161642\"));<\/script><\/div><\/div><\/div><div data-parent=\"true\" class=\"vc_row inverted-device-order inverted-device-order row-container onepage-section\" data-label=\"career\" data-name=\"career\" id=\"row-103084\"><div class=\"row-background background-element\" style=\"opacity: 1;\">\n\t\t\t\t\t\t\t\t\t\t\t<div class=\"background-wrapper\">\n\t\t\t\t\t\t\t\t\t\t\t\t<div class=\"background-inner\"><\/div>\n\t\t\t\t\t\t\t\t\t\t\t\t<div class=\"block-bg-overlay style-color-265512-bg\" style=\"opacity: 0.12;\"><\/div>\n\t\t\t\t\t\t\t\t\t\t\t<\/div>\n\t\t\t\t\t\t\t\t\t\t<\/div><div class=\"row col-half-gutter single-top-padding single-bottom-padding no-h-padding limit-width row-parent\"><div class=\"wpb_row row-inner\"><div class=\"wpb_column pos-top pos-center align_center column_parent col-lg-12 no-internal-gutter\"><div class=\"uncol style-light animate_when_almost_visible bottom-t-top\"  data-delay=\"200\"><div class=\"uncoltable\"><div class=\"uncell single-block-padding\"><div class=\"uncont\"><div class=\"vc_custom_heading_wrap\"><div class=\"heading-text el-text\" ><h1 class=\"font-204275 h1 font-weight-400 text-accent-color\" ><span>Bliv en del af HCN Partners<\/span><\/h1><\/div><div class=\"clear\"><\/div><\/div><div class=\"uncode_text_column vc_custom_1624271489319\"  style=\"margin-top: 20px ;\"><p>Vi tilbyder en unik mulighed for at blive en del af et resultatdrevet team som vil accelerere din personlige udvikling og hj\u00e6lpe dig med at opn\u00e5 dine professionelle m\u00e5l<\/p>\n<\/div><div class=\"empty-space empty-double\" ><span class=\"empty-space-inner\"><\/span><\/div>\n<div class=\"vc_row row-internal row-container\"><div class=\"row unequal row-child\"><div class=\"wpb_row row-inner\"><div class=\"wpb_column pos-top pos-center align_center column_child col-lg-6 col-md-50 half-internal-gutter\"><div class=\"uncol style-light\" ><div class=\"uncoltable\"><div class=\"uncell single-block-padding\"><div class=\"column-background background-element\" style=\"opacity: 1;\">\n\t\t\t\t\t\t\t\t\t\t\t<div class=\"background-wrapper\">\n\t\t\t\t\t\t\t\t\t\t\t\t<div class=\"background-inner\"><\/div>\n\t\t\t\t\t\t\t\t\t\t\t\t<div class=\"block-bg-overlay style-color-265512-bg\" style=\"opacity: 0.25;\"><\/div>\n\t\t\t\t\t\t\t\t\t\t\t<\/div>\n\t\t\t\t\t\t\t\t\t\t<\/div><div class=\"uncont\"><div class=\"uncode-single-media  text-center\"><div class=\"single-wrapper\" style=\"max-width: 25%;\"><div class=\"tmb tmb-light  tmb-media-first tmb-media-last tmb-content-overlay tmb-no-bg\">\n\t\t\t\t\t\t<div class=\"t-inside\"><div class=\"t-entry-visual\"><div class=\"t-entry-visual-tc\"><div class=\"uncode-single-media-wrapper\">\n\t\t\t\t\t\t\t\t\t<div class=\"fluid-svg\"><div id=\"icon-134945\" style=\"width:100%\" class=\"icon-media\"><img decoding=\"async\" src=\"https:\/\/hcnpartners.com\/wp-content\/uploads\/2021\/04\/Services_Strategic-financial-advisory-copy-4.svg\" alt=\"\" title=\"\"><\/div><\/div><\/div>\n\t\t\t\t<\/div>\n\t\t\t<\/div><\/div>\n\t\t\t\t\t<\/div><\/div><\/div><div class=\"vc_custom_heading_wrap\"><div class=\"heading-text el-text\" ><h6 class=\"h6 font-weight-400\" ><span><strong>Mulighed for at g\u00f8re en forskel fra f\u00f8rste dag<\/strong><\/span><\/h6><\/div><div class=\"clear\"><\/div><\/div><div class=\"uncode_text_column\" ><p>Bliv r\u00e5dgiver for virksomhedsejere i afg\u00f8rende situationer, som potentielt kan forandre selskaber og industrier p\u00e5 lang sigt<\/p>\n<\/div><\/div><\/div><\/div><\/div><\/div><div class=\"wpb_column pos-top pos-center align_center column_child col-lg-6 col-md-50 half-internal-gutter\"><div class=\"uncol style-light\" ><div class=\"uncoltable\"><div class=\"uncell single-block-padding\"><div class=\"column-background background-element\" style=\"opacity: 1;\">\n\t\t\t\t\t\t\t\t\t\t\t<div class=\"background-wrapper\">\n\t\t\t\t\t\t\t\t\t\t\t\t<div class=\"background-inner\"><\/div>\n\t\t\t\t\t\t\t\t\t\t\t\t<div class=\"block-bg-overlay style-color-265512-bg\" style=\"opacity: 0.25;\"><\/div>\n\t\t\t\t\t\t\t\t\t\t\t<\/div>\n\t\t\t\t\t\t\t\t\t\t<\/div><div class=\"uncont\"><div class=\"uncode-single-media  text-center\"><div class=\"single-wrapper\" style=\"max-width: 25%;\"><div class=\"tmb tmb-light  tmb-media-first tmb-media-last tmb-content-overlay tmb-no-bg\">\n\t\t\t\t\t\t<div class=\"t-inside\"><div class=\"t-entry-visual\"><div class=\"t-entry-visual-tc\"><div class=\"uncode-single-media-wrapper\">\n\t\t\t\t\t\t\t\t\t<div class=\"fluid-svg\"><div id=\"icon-453755\" style=\"width:100%\" class=\"icon-media\"><img decoding=\"async\" src=\"https:\/\/hcnpartners.com\/wp-content\/uploads\/2021\/04\/Services_Strategic-financial-advisory-copy-3.svg\" alt=\"\" title=\"\"><\/div><\/div><\/div>\n\t\t\t\t<\/div>\n\t\t\t<\/div><\/div>\n\t\t\t\t\t<\/div><\/div><\/div><div class=\"vc_custom_heading_wrap\"><div class=\"heading-text el-text\" ><h6 class=\"h6 font-weight-400\" ><span><strong>Adgang til viden, erfaring og netv\u00e6rk<\/strong><\/span><\/h6><\/div><div class=\"clear\"><\/div><\/div><div class=\"uncode_text_column\" ><p>Daglig interaktion med senior r\u00e5dgivere, virksomhedsejere og eksterne r\u00e5dgivere herunder konsulenter, advokater og revisorer blandt andre<\/p>\n<\/div><\/div><\/div><\/div><\/div><\/div><\/div><\/div><\/div><div class=\"empty-space empty-single\" ><span class=\"empty-space-inner\"><\/span><\/div>\n<div class=\"vc_row row-internal row-container\"><div class=\"row unequal row-child\"><div class=\"wpb_row row-inner\"><div class=\"wpb_column pos-top pos-center align_center column_child col-lg-6 col-md-50 half-internal-gutter\"><div class=\"uncol style-light\" ><div class=\"uncoltable\"><div class=\"uncell single-block-padding\"><div class=\"column-background background-element\" style=\"opacity: 1;\">\n\t\t\t\t\t\t\t\t\t\t\t<div class=\"background-wrapper\">\n\t\t\t\t\t\t\t\t\t\t\t\t<div class=\"background-inner\"><\/div>\n\t\t\t\t\t\t\t\t\t\t\t\t<div class=\"block-bg-overlay style-color-265512-bg\" style=\"opacity: 0.25;\"><\/div>\n\t\t\t\t\t\t\t\t\t\t\t<\/div>\n\t\t\t\t\t\t\t\t\t\t<\/div><div class=\"uncont\"><div class=\"uncode-single-media  text-center\"><div class=\"single-wrapper\" style=\"max-width: 25%;\"><div class=\"tmb tmb-light  tmb-media-first tmb-media-last tmb-content-overlay tmb-no-bg\">\n\t\t\t\t\t\t<div class=\"t-inside\"><div class=\"t-entry-visual\"><div class=\"t-entry-visual-tc\"><div class=\"uncode-single-media-wrapper\">\n\t\t\t\t\t\t\t\t\t<div class=\"fluid-svg\"><div id=\"icon-723819\" style=\"width:99px\" class=\"icon-media\"><img decoding=\"async\" src=\"https:\/\/hcnpartners.com\/wp-content\/uploads\/2021\/04\/Services_Strategic-financial-advisory-copy-2.svg\" alt=\"\" title=\"\"><\/div><\/div><\/div>\n\t\t\t\t<\/div>\n\t\t\t<\/div><\/div>\n\t\t\t\t\t<\/div><\/div><\/div><div class=\"vc_custom_heading_wrap\"><div class=\"heading-text el-text\" ><h6 class=\"h6 font-weight-400\" ><span><strong>Byg en st\u00e6rk v\u00e6rkt\u00f8jskasse<\/strong><\/span><\/h6><\/div><div class=\"clear\"><\/div><\/div><div class=\"uncode_text_column\" ><p>Udvikl kompetencer inden for projektledelse, finansiel- og kommerciel forst\u00e5else, v\u00e6rdians\u00e6ttelse, kommunikation, due diligence og forhandling<\/p>\n<\/div><\/div><\/div><\/div><\/div><\/div><div class=\"wpb_column pos-top pos-center align_center column_child col-lg-6 col-md-50 half-internal-gutter\"><div class=\"uncol style-light\" ><div class=\"uncoltable\"><div class=\"uncell single-block-padding\"><div class=\"column-background background-element\" style=\"opacity: 1;\">\n\t\t\t\t\t\t\t\t\t\t\t<div class=\"background-wrapper\">\n\t\t\t\t\t\t\t\t\t\t\t\t<div class=\"background-inner\"><\/div>\n\t\t\t\t\t\t\t\t\t\t\t\t<div class=\"block-bg-overlay style-color-265512-bg\" style=\"opacity: 0.25;\"><\/div>\n\t\t\t\t\t\t\t\t\t\t\t<\/div>\n\t\t\t\t\t\t\t\t\t\t<\/div><div class=\"uncont\"><div class=\"uncode-single-media  text-center\"><div class=\"single-wrapper\" style=\"max-width: 23%;\"><div class=\"tmb tmb-light  tmb-media-first tmb-media-last tmb-content-overlay tmb-no-bg\">\n\t\t\t\t\t\t<div class=\"t-inside\"><div class=\"t-entry-visual\"><div class=\"t-entry-visual-tc\"><div class=\"uncode-single-media-wrapper\">\n\t\t\t\t\t\t\t\t\t<div class=\"fluid-svg\"><div id=\"icon-188394\" style=\"width:100%\" class=\"icon-media\"><img decoding=\"async\" src=\"https:\/\/hcnpartners.com\/wp-content\/uploads\/2021\/04\/Services_Strategic-financial-advisory-copy-5.svg\" alt=\"\" title=\"\"><\/div><\/div><\/div>\n\t\t\t\t<\/div>\n\t\t\t<\/div><\/div>\n\t\t\t\t\t<\/div><\/div><\/div><div class=\"vc_custom_heading_wrap\"><div class=\"heading-text el-text\" ><h6 class=\"h6 font-weight-400\" ><span><strong>Behersk adskillige discipliner<\/strong><\/span><\/h6><\/div><div class=\"clear\"><\/div><\/div><div class=\"uncode_text_column\" ><p>L\u00e6r at mestre adskillige discipliner inden for investment banking og corporate finance herunder M&amp;A-, ECM- og g\u00e6ldsr\u00e5dgivning<\/p>\n<\/div><\/div><\/div><\/div><\/div><\/div><\/div><\/div><\/div><div class=\"empty-space empty-single\" ><span class=\"empty-space-inner\"><\/span><\/div>\n<div class=\"vc_row row-internal row-container\"><div class=\"row unequal row-child\"><div class=\"wpb_row row-inner\"><div class=\"wpb_column pos-top pos-center align_center column_child col-lg-6 col-md-50 half-internal-gutter\"><div class=\"uncol style-light\" ><div class=\"uncoltable\"><div class=\"uncell single-block-padding\"><div class=\"column-background background-element\" style=\"opacity: 1;\">\n\t\t\t\t\t\t\t\t\t\t\t<div class=\"background-wrapper\">\n\t\t\t\t\t\t\t\t\t\t\t\t<div class=\"background-inner\"><\/div>\n\t\t\t\t\t\t\t\t\t\t\t\t<div class=\"block-bg-overlay style-color-265512-bg\" style=\"opacity: 0.25;\"><\/div>\n\t\t\t\t\t\t\t\t\t\t\t<\/div>\n\t\t\t\t\t\t\t\t\t\t<\/div><div class=\"uncont\"><div class=\"uncode-single-media  text-center\"><div class=\"single-wrapper\" style=\"max-width: 25%;\"><div class=\"tmb tmb-light  tmb-media-first tmb-media-last tmb-content-overlay tmb-no-bg\">\n\t\t\t\t\t\t<div class=\"t-inside\"><div class=\"t-entry-visual\"><div class=\"t-entry-visual-tc\"><div class=\"uncode-single-media-wrapper\">\n\t\t\t\t\t\t\t\t\t<div class=\"fluid-svg\"><div id=\"icon-211291\" style=\"width:100%\" class=\"icon-media\"><img decoding=\"async\" src=\"https:\/\/hcnpartners.com\/wp-content\/uploads\/2021\/04\/Services_Strategic-financial-advisory-copy.svg\" alt=\"\" title=\"\"><\/div><\/div><\/div>\n\t\t\t\t<\/div>\n\t\t\t<\/div><\/div>\n\t\t\t\t\t<\/div><\/div><\/div><div class=\"vc_custom_heading_wrap\"><div class=\"heading-text el-text\" ><h6 class=\"h6 font-weight-400\" ><span><strong>Bred eksponering<\/strong><\/span><\/h6><\/div><div class=\"clear\"><\/div><\/div><div class=\"uncode_text_column\" ><p>Bliv eksponeret til forskellige selskaber, industrier, forretningsmodeller, selskabsst\u00f8rrelser samt b\u00e5de private- og b\u00f8rsnoterede selskaber<\/p>\n<\/div><\/div><\/div><\/div><\/div><\/div><div class=\"wpb_column pos-top pos-center align_center column_child col-lg-6 col-md-50 half-internal-gutter\"><div class=\"uncol style-light\" ><div class=\"uncoltable\"><div class=\"uncell single-block-padding\"><div class=\"column-background background-element\" style=\"opacity: 1;\">\n\t\t\t\t\t\t\t\t\t\t\t<div class=\"background-wrapper\">\n\t\t\t\t\t\t\t\t\t\t\t\t<div class=\"background-inner\"><\/div>\n\t\t\t\t\t\t\t\t\t\t\t\t<div class=\"block-bg-overlay style-color-265512-bg\" style=\"opacity: 0.25;\"><\/div>\n\t\t\t\t\t\t\t\t\t\t\t<\/div>\n\t\t\t\t\t\t\t\t\t\t<\/div><div class=\"uncont\"><div class=\"uncode-single-media  text-center\"><div class=\"single-wrapper\" style=\"max-width: 25%;\"><div class=\"tmb tmb-light  tmb-media-first tmb-media-last tmb-content-overlay tmb-no-bg\">\n\t\t\t\t\t\t<div class=\"t-inside\"><div class=\"t-entry-visual\"><div class=\"t-entry-visual-tc\"><div class=\"uncode-single-media-wrapper\">\n\t\t\t\t\t\t\t\t\t<div class=\"fluid-svg\"><div id=\"icon-197376\" style=\"width:100%\" class=\"icon-media\"><img decoding=\"async\" src=\"https:\/\/hcnpartners.com\/wp-content\/uploads\/2021\/04\/Services_Strategic-financial-advisory-copy-6.svg\" alt=\"\" title=\"\"><\/div><\/div><\/div>\n\t\t\t\t<\/div>\n\t\t\t<\/div><\/div>\n\t\t\t\t\t<\/div><\/div><\/div><div class=\"vc_custom_heading_wrap\"><div class=\"heading-text el-text\" ><h6 class=\"h6 font-weight-400\" ><span><strong>Professionelt milj\u00f8<\/strong><\/span><\/h6><\/div><div class=\"clear\"><\/div><\/div><div class=\"uncode_text_column\" ><p>Bliv en del af et kompetent team, som bygger p\u00e5 en \u00e5ben og uformel kultur med interaktion p\u00e5 kryds og tv\u00e6rs af anciennitet og erfaring<\/p>\n<\/div><\/div><\/div><\/div><\/div><\/div><\/div><\/div><\/div><div class=\"empty-space empty-half\" ><span class=\"empty-space-inner\"><\/span><\/div>\n<\/div><\/div><\/div><\/div><\/div><script id=\"script-row-103084\" data-row=\"script-row-103084\" type=\"text\/javascript\" class=\"vc_controls\">UNCODE.initRow(document.getElementById(\"row-103084\"));<\/script><\/div><\/div><\/div>\n<\/div>","protected":false},"excerpt":{"rendered":"We are always looking for talented people to make an impact, develop our company and help our clients. Send relevant [...]","protected":false},"author":6,"featured_media":0,"parent":0,"menu_order":0,"comment_status":"closed","ping_status":"closed","template":"","meta":{"footnotes":""},"class_list":["post-1045","page","type-page","status-publish","hentry"],"_links":{"self":[{"href":"https:\/\/hcnpartners.com\/da\/wp-json\/wp\/v2\/pages\/1045","targetHints":{"allow":["GET"]}}],"collection":[{"href":"https:\/\/hcnpartners.com\/da\/wp-json\/wp\/v2\/pages"}],"about":[{"href":"https:\/\/hcnpartners.com\/da\/wp-json\/wp\/v2\/types\/page"}],"author":[{"embeddable":true,"href":"https:\/\/hcnpartners.com\/da\/wp-json\/wp\/v2\/users\/6"}],"replies":[{"embeddable":true,"href":"https:\/\/hcnpartners.com\/da\/wp-json\/wp\/v2\/comments?post=1045"}],"version-history":[{"count":22,"href":"https:\/\/hcnpartners.com\/da\/wp-json\/wp\/v2\/pages\/1045\/revisions"}],"predecessor-version":[{"id":2220,"href":"https:\/\/hcnpartners.com\/da\/wp-json\/wp\/v2\/pages\/1045\/revisions\/2220"}],"wp:attachment":[{"href":"https:\/\/hcnpartners.com\/da\/wp-json\/wp\/v2\/media?parent=1045"}],"curies":[{"name":"wp","href":"https:\/\/api.w.org\/{rel}","templated":true}]}}