{"id":343,"date":"2021-03-31T10:31:11","date_gmt":"2021-03-31T08:31:11","guid":{"rendered":"https:\/\/hcnpartners.com\/?page_id=343"},"modified":"2021-09-21T09:14:05","modified_gmt":"2021-09-21T07:14:05","slug":"advisory","status":"publish","type":"page","link":"https:\/\/hcnpartners.com\/da\/advisory\/","title":{"rendered":"M&amp;A r\u00e5dgivning"},"content":{"rendered":"<div class=\"wpb-content-wrapper\"><div data-parent=\"true\" class=\"vc_row row-container\" id=\"row-197242\"><div class=\"row unequal col-no-gutter no-top-padding no-bottom-padding no-h-padding full-width row-parent\" data-height-ratio=\"16\"><div class=\"wpb_row row-inner\"><div class=\"wpb_column pos-middle pos-center align_center column_parent col-lg-8 tablet-hidden mobile-hidden single-internal-gutter\"><div class=\"uncol style-dark\"  ><div class=\"uncoltable\" style=\"min-height: 300px;\"><div class=\"uncell triple-block-padding\"><div class=\"column-background background-element\">\n\t\t\t\t\t\t\t\t\t\t\t<div class=\"background-wrapper\">\n\t\t\t\t\t\t\t\t\t\t\t\t<div class=\"background-inner\" style=\"background-image: url(https:\/\/hcnpartners.com\/wp-content\/uploads\/2021\/04\/MA-advisory-Signing.jpg);background-repeat: no-repeat;background-position: center center;background-size: cover;\" data-o_src=\"https:\/\/hcnpartners.com\/wp-content\/uploads\/2021\/04\/MA-advisory-Signing.jpg\"><\/div>\n\t\t\t\t\t\t\t\t\t\t\t\t<div class=\"block-bg-overlay style-accent-bg\" style=\"opacity: 0.33;\"><\/div>\n\t\t\t\t\t\t\t\t\t\t\t<\/div>\n\t\t\t\t\t\t\t\t\t\t<\/div><div class=\"uncont\"><div class=\"empty-space empty-quad\" ><span class=\"empty-space-inner\"><\/span><\/div>\n<\/div><\/div><\/div><\/div><\/div><div class=\"wpb_column pos-middle pos-center align_left column_parent col-lg-4 no-internal-gutter\"><div class=\"uncol style-dark\"  ><div class=\"uncoltable\"><div class=\"uncell quad-block-padding style-accent-bg\"><div class=\"uncont\"><div class=\"vc_custom_heading_wrap\"><div class=\"heading-text el-text\" ><h2 class=\"h4 font-weight-200\" ><span>Vi tilbyder r\u00e5dgivning i forbindelse med k\u00f8b og salg af virksomheder, herunder frasalg, strategiske opk\u00f8b og generationsskifte<\/span><\/h2><\/div><div class=\"clear\"><\/div><\/div><\/div><\/div><\/div><\/div><\/div><script id=\"script-row-197242\" data-row=\"script-row-197242\" type=\"text\/javascript\" class=\"vc_controls\">UNCODE.initRow(document.getElementById(\"row-197242\"));<\/script><\/div><\/div><\/div><div data-parent=\"true\" class=\"vc_row row-container\" id=\"row-306431\"><div class=\"row col-half-gutter quad-top-padding quad-bottom-padding single-h-padding full-width row-parent\"><div class=\"wpb_row row-inner\"><div class=\"wpb_column pos-top pos-center align_left column_parent col-lg-2 tablet-hidden mobile-hidden single-internal-gutter\"><div class=\"uncol style-light\"  ><div class=\"uncoltable\"><div class=\"uncell single-block-padding\"><div class=\"uncont\"><\/div><\/div><\/div><\/div><\/div><div class=\"wpb_column pos-top pos-center align_left column_parent col-lg-6 single-internal-gutter\"><div class=\"uncol style-light animate_when_almost_visible bottom-t-top\"  ><div class=\"uncoltable\"><div class=\"uncell one-block-padding\"><div class=\"uncont\"><div class=\"vc_custom_heading_wrap\"><div class=\"heading-text el-text\" ><h1 class=\"font-204275 h1 font-weight-400 text-accent-color\" ><span>M&amp;A r\u00e5dgivning<\/span><\/h1><\/div><div class=\"clear\"><\/div><\/div><div class=\"uncode_text_column vc_custom_1624267494580\"  style=\"margin-top: 20px ;\"><p>K\u00f8b og salg er en stor beslutning, som kan bringe virksomheden til et nyt stadie eller markere afslutningen p\u00e5 et ejerskab. En s\u00e5dan beslutning er beh\u00e6ftet med risici og kompleksitet, hvorfor det er afg\u00f8rende at finde den rigtige r\u00e5dgiver<\/p>\n<p>&nbsp;<\/p>\n<p><strong>Hvad b\u00f8r man overveje<\/strong><\/p>\n<ul>\n<li>Hvorn\u00e5r er timing rigtig?<\/li>\n<li>Hvem er de potentielle k\u00f8bere\/s\u00e6lgere og hvordan skal de kontaktes?<\/li>\n<li>Hvordan kan v\u00e6rdien maksimeres og hvordan skal transaktionen struktureres?<\/li>\n<li>Hvilken rolle skal ledelsen og ejerne have efter transaktionen?<\/li>\n<li>Hvordan kan man sikre kvalitet og effektivitet i due dilligence processen?<\/li>\n<li>Hvordan skal man kommunikere med kapitalejerne?<\/li>\n<li>Hvordan skal man koordinere med r\u00e5dgivere og kapitalejere?<\/li>\n<li>Hvordan kan potentielle synergier realiseres?<\/li>\n<\/ul>\n<p>&nbsp;<\/p>\n<p><strong>Hvordan HCN Partners kan assistere dig<\/strong><\/p>\n<p>Ud fra en lang liste af referencer og omfattende viden omkring det danske M&amp;A-marked, tilbyder vi ledende r\u00e5dgivning i forbindelse med k\u00f8b og salg af virksomheder. Gennem vores netv\u00e6rk og partnerskaber har vi adgang til internationale investorer og selskaber, der sikrer et bredt spektrum af potentielle k\u00f8bere og s\u00e6lgere<\/p>\n<p>Vi assisterer dig gennem hele processen fra interne forberedelser, til underskrivelse af aftalen og koordinering med forskellige r\u00e5dgivere, hvilket sikrer en succesfuld transaktion samt et tilfredsstillende resultat<\/p>\n<\/div><\/div><\/div><\/div><\/div><\/div><div class=\"wpb_column pos-top pos-center align_left column_parent col-lg-4 mobile-hidden single-internal-gutter\"><div class=\"uncol style-light animate_when_almost_visible bottom-t-top\"  ><div class=\"uncoltable\"><div class=\"uncell double-block-padding\"><div class=\"uncont\"><div class=\"vc_row row-internal row-container tablet-hidden mobile-hidden\"><div class=\"row row-child\"><div class=\"wpb_row row-inner\"><div class=\"wpb_column pos-top pos-center align_left column_child col-lg-12 single-internal-gutter\"><div class=\"uncol style-light\" ><div class=\"uncoltable\"><div class=\"uncell no-block-padding\"><div class=\"uncont\"><div class=\"vc_wp_custommenu wpb_content_element widget-no-arrows widget-typography-inherit\" ><aside class=\"widget widget-style widget_nav_menu widget-container collapse-init sidebar-widgets\"><h3 class=\"widget-title\">Vores services<\/h3><div class=\"menu-services-container\"><ul id=\"menu-services\" class=\"menu\"><li id=\"menu-item-603\" class=\"menu-item menu-item-type-post_type menu-item-object-page menu-item-603\"><a href=\"https:\/\/hcnpartners.com\/da\/advisory\/\">M&amp;A r\u00e5dgivning<\/a><\/li>\n<li id=\"menu-item-954\" class=\"menu-item menu-item-type-post_type menu-item-object-page menu-item-954\"><a href=\"https:\/\/hcnpartners.com\/da\/services\/ipo-and-ecm-advisory\/\">ECM r\u00e5dgivning<\/a><\/li>\n<li id=\"menu-item-982\" class=\"menu-item menu-item-type-post_type menu-item-object-page menu-item-982\"><a href=\"https:\/\/hcnpartners.com\/da\/debt-advisory\/\">DCM r\u00e5dgivning<\/a><\/li>\n<li id=\"menu-item-983\" class=\"menu-item menu-item-type-post_type menu-item-object-page menu-item-983\"><a href=\"https:\/\/hcnpartners.com\/da\/strategic-financial-advisory\/\">Strategisk finansiel r\u00e5dgivning<\/a><\/li>\n<\/ul><\/div><\/aside><\/div><div class=\"divider-wrapper  tablet-hidden mobile-hidden\"  >\n    <hr class=\"border-default-color separator-no-padding\"  \/>\n<\/div>\n<span class=\"btn-container\" ><a href=\"https:\/\/hcnpartners.com\/da\/who-we-are\/#contact\" class=\"custom-link btn border-width-0 btn-accent btn-square btn-outline btn-icon-left\">Kontakt os<\/a><\/span><\/div><\/div><\/div><\/div><\/div><\/div><\/div><\/div><\/div><\/div><\/div><\/div><\/div><script id=\"script-row-306431\" data-row=\"script-row-306431\" type=\"text\/javascript\" class=\"vc_controls\">UNCODE.initRow(document.getElementById(\"row-306431\"));<\/script><\/div><\/div><\/div><div data-parent=\"true\" class=\"vc_row row-container desktop-hidden\" id=\"row-153962\"><div class=\"row limit-width row-parent\"><div class=\"wpb_row row-inner\"><div class=\"wpb_column pos-top pos-center align_left column_parent col-lg-12 single-internal-gutter\"><div class=\"uncol style-light\"  ><div class=\"uncoltable\"><div class=\"uncell no-block-padding\"><div class=\"uncont\"><div class=\"uncode-single-media  text-left\"><div class=\"single-wrapper\" style=\"max-width: 100%;\"><div class=\"tmb tmb-light  tmb-media-first tmb-media-last tmb-content-overlay tmb-no-bg\">\n\t\t\t\t\t\t<div class=\"t-inside\"><div class=\"t-entry-visual\"><div class=\"t-entry-visual-tc\"><div class=\"uncode-single-media-wrapper\">\n\t\t\t\t\t\t\t\t\t<img decoding=\"async\" class=\"wp-image-40\" src=\"https:\/\/hcnpartners.com\/wp-content\/uploads\/2021\/03\/Henrik-Nederschier-Grey.png\" width=\"1000\" height=\"667\" alt=\"\" title=\"\" srcset=\"https:\/\/hcnpartners.com\/wp-content\/uploads\/2021\/03\/Henrik-Nederschier-Grey.png 1000w, https:\/\/hcnpartners.com\/wp-content\/uploads\/2021\/03\/Henrik-Nederschier-Grey-300x200.png 300w, https:\/\/hcnpartners.com\/wp-content\/uploads\/2021\/03\/Henrik-Nederschier-Grey-768x512.png 768w\" sizes=\"(max-width: 1000px) 100vw, 1000px\"><\/div>\n\t\t\t\t<\/div>\n\t\t\t<\/div><\/div>\n\t\t\t\t\t<\/div><\/div><\/div><div class=\"uncode_text_column vc_custom_1616489574769 text-small\"  style=\"padding-top: 20px ;\"><p><strong>Henrik Nederschier<\/strong><br \/>\nManaging Partner<\/p>\n<p>+45 28 93 07 51<br \/>\n<a href=\"mailto:hn@hcnpartners.dk\">hn@hcnpartners.dk<\/a><\/p>\n<\/div><div class=\"icon-box icon-box-top\" ><div class=\"icon-box-icon fa-container\" style=\"margin-bottom: 0px;\"><a href=\"http:\/\/linkedin.com\/in\/henrik-nederschier-0099682\" target=\"_blank\" class=\"fa fa-stack fa-1x btn-accent fa-rounded btn-outline custom-link\" rel=\"nofollow noopener\"><i class=\"fa fa-linkedin\"><\/i><\/a><\/div><\/div><div class=\"uncode-single-media  text-left\"><div class=\"single-wrapper\" style=\"max-width: 100%;\"><div class=\"tmb tmb-light  tmb-media-first tmb-media-last tmb-content-overlay tmb-no-bg\">\n\t\t\t\t\t\t<div class=\"t-inside\"><div class=\"t-entry-visual\"><div class=\"t-entry-visual-tc\"><div class=\"uncode-single-media-wrapper\">\n\t\t\t\t\t\t\t\t\t<img decoding=\"async\" class=\"wp-image-41\" src=\"https:\/\/hcnpartners.com\/wp-content\/uploads\/2021\/03\/Casper-Noergaard-Grey.png\" width=\"1000\" height=\"667\" alt=\"\" title=\"\" srcset=\"https:\/\/hcnpartners.com\/wp-content\/uploads\/2021\/03\/Casper-Noergaard-Grey.png 1000w, https:\/\/hcnpartners.com\/wp-content\/uploads\/2021\/03\/Casper-Noergaard-Grey-300x200.png 300w, https:\/\/hcnpartners.com\/wp-content\/uploads\/2021\/03\/Casper-Noergaard-Grey-768x512.png 768w\" sizes=\"(max-width: 1000px) 100vw, 1000px\"><\/div>\n\t\t\t\t<\/div>\n\t\t\t<\/div><\/div>\n\t\t\t\t\t<\/div><\/div><\/div><div class=\"uncode_text_column vc_custom_1616489569080 text-small\"  style=\"padding-top: 20px ;\"><p><strong>Casper N\u00f8rgaard<\/strong><br \/>\nManaging Partner<\/p>\n<p>+45 60 38 87 69<br \/>\n<a href=\"mailto:cn@hcnpartners.dk\">cn@hcnpartners.dk<\/a><\/p>\n<\/div><div class=\"icon-box icon-box-top\" ><div class=\"icon-box-icon fa-container\" style=\"margin-bottom: 0px;\"><a href=\"http:\/\/linkedin.com\/in\/casper-n\u00f8rgaard-429b085\" target=\"_blank\" class=\"fa fa-stack fa-1x btn-accent fa-rounded btn-outline custom-link\" rel=\"nofollow noopener\"><i class=\"fa fa-linkedin\"><\/i><\/a><\/div><\/div><\/div><\/div><\/div><\/div><\/div><script id=\"script-row-153962\" data-row=\"script-row-153962\" type=\"text\/javascript\" class=\"vc_controls\">UNCODE.initRow(document.getElementById(\"row-153962\"));<\/script><\/div><\/div><\/div>\n<\/div>","protected":false},"excerpt":{"rendered":"We offer comprehensive sell- and buy-side M&amp;A advisory including divestments, strategic acquisitions and generational transitionsM&amp;A advisoryMergers and acquisitions are transformative [...]","protected":false},"author":6,"featured_media":0,"parent":0,"menu_order":0,"comment_status":"closed","ping_status":"closed","template":"","meta":{"footnotes":""},"class_list":["post-343","page","type-page","status-publish","hentry"],"_links":{"self":[{"href":"https:\/\/hcnpartners.com\/da\/wp-json\/wp\/v2\/pages\/343","targetHints":{"allow":["GET"]}}],"collection":[{"href":"https:\/\/hcnpartners.com\/da\/wp-json\/wp\/v2\/pages"}],"about":[{"href":"https:\/\/hcnpartners.com\/da\/wp-json\/wp\/v2\/types\/page"}],"author":[{"embeddable":true,"href":"https:\/\/hcnpartners.com\/da\/wp-json\/wp\/v2\/users\/6"}],"replies":[{"embeddable":true,"href":"https:\/\/hcnpartners.com\/da\/wp-json\/wp\/v2\/comments?post=343"}],"version-history":[{"count":65,"href":"https:\/\/hcnpartners.com\/da\/wp-json\/wp\/v2\/pages\/343\/revisions"}],"predecessor-version":[{"id":2242,"href":"https:\/\/hcnpartners.com\/da\/wp-json\/wp\/v2\/pages\/343\/revisions\/2242"}],"wp:attachment":[{"href":"https:\/\/hcnpartners.com\/da\/wp-json\/wp\/v2\/media?parent=343"}],"curies":[{"name":"wp","href":"https:\/\/api.w.org\/{rel}","templated":true}]}}