{"id":494,"date":"2021-04-07T11:39:27","date_gmt":"2021-04-07T09:39:27","guid":{"rendered":"https:\/\/hcnpartners.com\/?page_id=494"},"modified":"2026-01-26T09:26:22","modified_gmt":"2026-01-26T08:26:22","slug":"who-we-are","status":"publish","type":"page","link":"https:\/\/hcnpartners.com\/da\/who-we-are\/","title":{"rendered":"Om os"},"content":{"rendered":"<div class=\"wpb-content-wrapper\"><div data-parent=\"true\" class=\"vc_row row-container\" id=\"row-135667\"><div class=\"row unequal col-no-gutter no-top-padding no-bottom-padding no-h-padding full-width row-parent\" data-height-ratio=\"16\"><div class=\"wpb_row row-inner\"><div class=\"wpb_column pos-middle pos-center align_center column_parent col-lg-12 single-internal-gutter\"><div class=\"uncol style-dark\"  ><div class=\"uncoltable\" style=\"min-height: 300px;\"><div class=\"uncell triple-block-padding\"><div class=\"column-background background-element\">\n\t\t\t\t\t\t\t\t\t\t\t<div class=\"background-wrapper\">\n\t\t\t\t\t\t\t\t\t\t\t\t<div class=\"background-inner\" style=\"background-image: url(https:\/\/hcnpartners.com\/wp-content\/uploads\/2021\/04\/hcn-img2.png);background-repeat: no-repeat;background-position: center center;background-size: cover;\" data-o_src=\"https:\/\/hcnpartners.com\/wp-content\/uploads\/2021\/04\/hcn-img2.png\"><\/div>\n\t\t\t\t\t\t\t\t\t\t\t\t<div class=\"block-bg-overlay style-accent-bg\" style=\"opacity: 0.33;\"><\/div>\n\t\t\t\t\t\t\t\t\t\t\t<\/div>\n\t\t\t\t\t\t\t\t\t\t<\/div><div class=\"uncont\"><\/div><\/div><\/div><\/div><\/div><script id=\"script-row-135667\" data-row=\"script-row-135667\" type=\"text\/javascript\" class=\"vc_controls\">UNCODE.initRow(document.getElementById(\"row-135667\"));<\/script><\/div><\/div><\/div><div data-parent=\"true\" class=\"vc_row inverted-device-order row-container\" id=\"row-102020\"><div class=\"row unequal col-double-gutter quad-top-padding quad-bottom-padding single-h-padding limit-width row-parent\"><div class=\"wpb_row row-inner\"><div class=\"wpb_column pos-top pos-center align_center column_parent col-lg-6 single-internal-gutter\"><div class=\"uncol style-light\"  ><div class=\"uncoltable\"><div class=\"uncell no-block-padding\"><div class=\"uncont\"><div class=\"vc_custom_heading_wrap\"><div class=\"heading-text el-text\" ><h1 class=\"font-204275 h1 font-weight-400 text-accent-color\" ><span>Om HCN Partners<\/span><\/h1><\/div><div class=\"clear\"><\/div><\/div><div class=\"uncode_text_column\" ><p>HCN Partners er en uafh\u00e6ngig r\u00e5dgiver indenfor M&amp;A-, ECM-, DCM- og strategisk finansiel r\u00e5dgivning. Med mere end 50 \u00e5rs samlet erfaring og 50+ gennemf\u00f8rte transaktioner er HCN Partners en f\u00f8rende finansiel r\u00e5dgiver i Danmark blandt private og b\u00f8rsnoterede selskaber, finansielle investorer og offentlige institutioner<\/p>\n<p>HCN Partners blev stiftet i februar 2021 efter k\u00f8b af Handelsbankens danske corporate finance aktiviteter<\/p>\n<\/div><\/div><\/div><\/div><\/div><\/div><script id=\"script-row-102020\" data-row=\"script-row-102020\" type=\"text\/javascript\" class=\"vc_controls\">UNCODE.initRow(document.getElementById(\"row-102020\"));<\/script><\/div><\/div><\/div><div data-parent=\"true\" class=\"vc_row style-color-lxmt-bg row-container onepage-section\" data-label=\"contact\" data-name=\"contact\" id=\"row-367869\"><div class=\"row penta-top-padding single-bottom-padding single-h-padding limit-width row-parent\"><div class=\"wpb_row row-inner\"><div class=\"wpb_column pos-top pos-center align_left column_parent col-lg-12 single-internal-gutter\"><div class=\"uncol style-light\"  ><div class=\"uncoltable\"><div class=\"uncell no-block-padding\"><div class=\"uncont\"><div class=\"vc_custom_heading_wrap\"><div class=\"heading-text el-text\" ><h1 class=\"font-204275 h1 font-weight-400 text-accent-color\" ><span>Kontakt vores partnere<\/span><\/h1><\/div><div class=\"clear\"><\/div><\/div><\/div><\/div><\/div><\/div><\/div><script id=\"script-row-367869\" data-row=\"script-row-367869\" type=\"text\/javascript\" class=\"vc_controls\">UNCODE.initRow(document.getElementById(\"row-367869\"));<\/script><\/div><\/div><\/div><div data-parent=\"true\" class=\"vc_row style-color-lxmt-bg row-container\" id=\"row-144211\"><div class=\"row no-top-padding triple-bottom-padding single-h-padding limit-width row-parent\"><div class=\"wpb_row row-inner\"><div class=\"wpb_column pos-top pos-center align_left column_parent col-lg-6 half-internal-gutter\"><div class=\"uncol style-light\"  ><div class=\"uncoltable\"><div class=\"uncell no-block-padding\"><div class=\"uncont\"><div class=\"uncode-single-media  text-left\"><div class=\"single-wrapper\" style=\"max-width: 100%;\"><div class=\"tmb tmb-light  tmb-media-first tmb-media-last tmb-content-overlay tmb-no-bg\">\n\t\t\t\t\t\t<div class=\"t-inside\"><div class=\"t-entry-visual\"><div class=\"t-entry-visual-tc\"><div class=\"uncode-single-media-wrapper\">\n\t\t\t\t\t\t\t\t\t<img decoding=\"async\" class=\"wp-image-40\" src=\"https:\/\/hcnpartners.com\/wp-content\/uploads\/2021\/03\/Henrik-Nederschier-Grey.png\" width=\"1000\" height=\"667\" alt=\"\" title=\"\" srcset=\"https:\/\/hcnpartners.com\/wp-content\/uploads\/2021\/03\/Henrik-Nederschier-Grey.png 1000w, https:\/\/hcnpartners.com\/wp-content\/uploads\/2021\/03\/Henrik-Nederschier-Grey-300x200.png 300w, https:\/\/hcnpartners.com\/wp-content\/uploads\/2021\/03\/Henrik-Nederschier-Grey-768x512.png 768w\" sizes=\"(max-width: 1000px) 100vw, 1000px\"><\/div>\n\t\t\t\t<\/div>\n\t\t\t<\/div><\/div>\n\t\t\t\t\t<\/div><\/div><\/div><div class=\"uncode_text_column text-small\" ><p><strong>Henrik Nederschier<\/strong><br \/>\nManaging Partner<\/p>\n<p>+45 28 93 07 51<br \/>\n<a href=\"mailto:hn@hcnpartners.dk\">hn@hcnpartners.dk<\/a><\/p>\n<\/div><div class=\"icon-box icon-box-top\" ><div class=\"icon-box-icon fa-container\" style=\"margin-bottom: 0px;\"><a href=\"http:\/\/linkedin.com\/in\/henrik-nederschier-0099682\" target=\"_blank\" class=\"fa fa-stack fa-1x btn-accent fa-rounded btn-outline custom-link\" rel=\"nofollow noopener\"><i class=\"fa fa-linkedin\"><\/i><\/a><\/div><\/div><div class=\"uncode-accordion wpb_accordion wpb_content_element\" data-collapsible=\"no\" data-active-tab=\"0\" >\n\t\t<div class=\"panel-group wpb_wrapper wpb_accordion_wrapper\" id=\"accordion_222753599\" role=\"tablist\" aria-multiselectable=\"true\">\n\n<div class=\"panel panel-default wpb_accordion_section group\"><div class=\"panel-heading wpb_accordion_header ui-accordion-header\" role=\"tab\"><p class=\"panel-title\"><a data-toggle=\"collapse\" data-parent=\"#accordion_222753599\" href=\"#d21d5937-3bb0-21555678914001\"><span>CV<\/span><\/a><\/p><\/div><div id=\"d21d5937-3bb0-21555678914001\" class=\"panel-collapse collapse\" role=\"tabpanel\"><div class=\"panel-body wpb_accordion_content ui-accordion-content one-internal-gutter one-block-padding\">\n\t\t\t\t\t\t<div class=\"uncode_text_column\" ><p>Henrik er stiftende partner af HCN Partners og har mere end 20 \u00e5rs erfaring i corporate finance<\/p>\n<p>&nbsp;<\/p>\n<p>Forinden HCN Partners har Henrik arbejdet hos Handelsbanken (2011-2021) og Nordea (2001-2011), hvor han har r\u00e5dgivet private og offentlige virksomheder, kapitalfonde og finansielle institutioner<\/p>\n<p>&nbsp;<\/p>\n<p>Henrik har en kandidatgrad i finansiering og regnskab fra Copenhagen Business School<\/p>\n<\/div><\/div><\/div><\/div>\n\t\t<\/div>\n\t<\/div><\/div><\/div><\/div><\/div><\/div><div class=\"wpb_column pos-top pos-center align_left column_parent col-lg-6 half-internal-gutter\"><div class=\"uncol style-light\"  ><div class=\"uncoltable\"><div class=\"uncell no-block-padding\"><div class=\"uncont\"><div class=\"uncode-single-media  text-left\"><div class=\"single-wrapper\" style=\"max-width: 100%;\"><div class=\"tmb tmb-light  tmb-media-first tmb-media-last tmb-content-overlay tmb-no-bg\">\n\t\t\t\t\t\t<div class=\"t-inside\"><div class=\"t-entry-visual\"><div class=\"t-entry-visual-tc\"><div class=\"uncode-single-media-wrapper\">\n\t\t\t\t\t\t\t\t\t<img decoding=\"async\" class=\"wp-image-41\" src=\"https:\/\/hcnpartners.com\/wp-content\/uploads\/2021\/03\/Casper-Noergaard-Grey.png\" width=\"1000\" height=\"667\" alt=\"\" title=\"\" srcset=\"https:\/\/hcnpartners.com\/wp-content\/uploads\/2021\/03\/Casper-Noergaard-Grey.png 1000w, https:\/\/hcnpartners.com\/wp-content\/uploads\/2021\/03\/Casper-Noergaard-Grey-300x200.png 300w, https:\/\/hcnpartners.com\/wp-content\/uploads\/2021\/03\/Casper-Noergaard-Grey-768x512.png 768w\" sizes=\"(max-width: 1000px) 100vw, 1000px\"><\/div>\n\t\t\t\t<\/div>\n\t\t\t<\/div><\/div>\n\t\t\t\t\t<\/div><\/div><\/div><div class=\"uncode_text_column text-small\" ><p><strong>Casper N\u00f8rgaard<\/strong><br \/>\nManaging Partner<\/p>\n<p>+45 60 38 87 69<br \/>\n<a href=\"mailto:cn@hcnpartners.dk\">cn@hcnpartners.dk<\/a><\/p>\n<\/div><div class=\"icon-box icon-box-top\" ><div class=\"icon-box-icon fa-container\" style=\"margin-bottom: 0px;\"><a href=\"http:\/\/linkedin.com\/in\/casper-n\u00f8rgaard-429b085\" target=\"_blank\" class=\"fa fa-stack fa-1x btn-accent fa-rounded btn-outline custom-link\" rel=\"nofollow noopener\"><i class=\"fa fa-linkedin\"><\/i><\/a><\/div><\/div><div class=\"uncode-accordion wpb_accordion wpb_content_element\" data-collapsible=\"no\" data-active-tab=\"0\" >\n\t\t<div class=\"panel-group wpb_wrapper wpb_accordion_wrapper\" id=\"accordion_283083709\" role=\"tablist\" aria-multiselectable=\"true\">\n\n<div class=\"panel panel-default wpb_accordion_section group\"><div class=\"panel-heading wpb_accordion_header ui-accordion-header\" role=\"tab\"><p class=\"panel-title\"><a data-toggle=\"collapse\" data-parent=\"#accordion_283083709\" href=\"#1618493728-1-17\"><span>CV<\/span><\/a><\/p><\/div><div id=\"1618493728-1-17\" class=\"panel-collapse collapse\" role=\"tabpanel\"><div class=\"panel-body wpb_accordion_content ui-accordion-content one-internal-gutter one-block-padding\">\n\t\t\t\t\t\t<div class=\"uncode_text_column\" ><p>Casper er stiftende partner af HCN Partners og har mere end 20 \u00e5rs erfaring i corporate finance<\/p>\n<p>&nbsp;<\/p>\n<p>Forinden HCN Partners har Casper arbejder hos Handelsbanken (2012-2021) og Danske Bank (1997-2011), hvor han har r\u00e5dgivet private og offentlige virksomheder, kapitalfonde og finansielle institutioner<\/p>\n<p>&nbsp;<\/p>\n<p>Casper har en kandidatgrad i erhvervs\u00f8konomi og jura fra Copenhagen Business School<\/p>\n<\/div><\/div><\/div><\/div>\n\t\t<\/div>\n\t<\/div><\/div><\/div><\/div><\/div><\/div><script id=\"script-row-144211\" data-row=\"script-row-144211\" type=\"text\/javascript\" class=\"vc_controls\">UNCODE.initRow(document.getElementById(\"row-144211\"));<\/script><\/div><\/div><\/div>\n<\/div>","protected":false},"excerpt":{"rendered":"About HCN PartnersHCN Partners is an independent financial adviser focused on M&amp;A-, ECM- debt- and strategic financial advisory. With more [...]","protected":false},"author":6,"featured_media":0,"parent":0,"menu_order":0,"comment_status":"closed","ping_status":"closed","template":"","meta":{"footnotes":""},"class_list":["post-494","page","type-page","status-publish","hentry"],"_links":{"self":[{"href":"https:\/\/hcnpartners.com\/da\/wp-json\/wp\/v2\/pages\/494","targetHints":{"allow":["GET"]}}],"collection":[{"href":"https:\/\/hcnpartners.com\/da\/wp-json\/wp\/v2\/pages"}],"about":[{"href":"https:\/\/hcnpartners.com\/da\/wp-json\/wp\/v2\/types\/page"}],"author":[{"embeddable":true,"href":"https:\/\/hcnpartners.com\/da\/wp-json\/wp\/v2\/users\/6"}],"replies":[{"embeddable":true,"href":"https:\/\/hcnpartners.com\/da\/wp-json\/wp\/v2\/comments?post=494"}],"version-history":[{"count":177,"href":"https:\/\/hcnpartners.com\/da\/wp-json\/wp\/v2\/pages\/494\/revisions"}],"predecessor-version":[{"id":2434,"href":"https:\/\/hcnpartners.com\/da\/wp-json\/wp\/v2\/pages\/494\/revisions\/2434"}],"wp:attachment":[{"href":"https:\/\/hcnpartners.com\/da\/wp-json\/wp\/v2\/media?parent=494"}],"curies":[{"name":"wp","href":"https:\/\/api.w.org\/{rel}","templated":true}]}}