{"id":760,"date":"2021-04-08T14:20:31","date_gmt":"2021-04-08T12:20:31","guid":{"rendered":"https:\/\/hcnpartners.com\/?page_id=760"},"modified":"2021-09-21T09:13:29","modified_gmt":"2021-09-21T07:13:29","slug":"clients","status":"publish","type":"page","link":"https:\/\/hcnpartners.com\/da\/clients\/","title":{"rendered":"Klienter"},"content":{"rendered":"<div class=\"wpb-content-wrapper\"><div data-parent=\"true\" class=\"vc_row row-container\" id=\"row-200829\"><div class=\"row unequal col-no-gutter no-top-padding no-bottom-padding no-h-padding full-width row-parent\" data-height-ratio=\"16\"><div class=\"wpb_row row-inner\"><div class=\"wpb_column pos-middle pos-center align_center column_parent col-lg-8 tablet-hidden mobile-hidden single-internal-gutter\"><div class=\"uncol style-dark\"  ><div class=\"uncoltable\" style=\"min-height: 300px;\"><div class=\"uncell triple-block-padding\"><div class=\"column-background background-element\">\n\t\t\t\t\t\t\t\t\t\t\t<div class=\"background-wrapper\">\n\t\t\t\t\t\t\t\t\t\t\t\t<div class=\"background-inner\" style=\"background-image: url(https:\/\/hcnpartners.com\/wp-content\/uploads\/2021\/06\/lycs-architecture-aKij95Mmus8-unsplash-scaled.jpg);background-repeat: no-repeat;background-position: center center;background-size: cover;\" data-o_src=\"https:\/\/hcnpartners.com\/wp-content\/uploads\/2021\/06\/lycs-architecture-aKij95Mmus8-unsplash-scaled.jpg\"><\/div>\n\t\t\t\t\t\t\t\t\t\t\t\t<div class=\"block-bg-overlay style-accent-bg\" style=\"opacity: 0.33;\"><\/div>\n\t\t\t\t\t\t\t\t\t\t\t<\/div>\n\t\t\t\t\t\t\t\t\t\t<\/div><div class=\"uncont\"><div class=\"empty-space empty-quad\" ><span class=\"empty-space-inner\"><\/span><\/div>\n<\/div><\/div><\/div><\/div><\/div><div class=\"wpb_column pos-middle pos-center align_left column_parent col-lg-4 half-internal-gutter\"><div class=\"uncol style-dark\"  ><div class=\"uncoltable\"><div class=\"uncell quad-block-padding style-accent-bg\"><div class=\"uncont\"><div class=\"vc_custom_heading_wrap\"><div class=\"heading-text el-text\" ><h2 class=\"h4 font-weight-200\" ><span>Vi arbejder sammen med en lang r\u00e6kke af forskellige klienter, herunder private selskaber, ejerledere &amp; familier, finansielle investorer og b\u00f8rsnoterede selskaber<\/span><\/h2><\/div><div class=\"clear\"><\/div><\/div><\/div><\/div><\/div><\/div><\/div><script id=\"script-row-200829\" data-row=\"script-row-200829\" type=\"text\/javascript\" class=\"vc_controls\">UNCODE.initRow(document.getElementById(\"row-200829\"));<\/script><\/div><\/div><\/div><div data-parent=\"true\" class=\"vc_row row-container\" id=\"row-213331\"><div class=\"row double-top-padding double-bottom-padding single-h-padding limit-width row-parent\"><div class=\"wpb_row row-inner\"><div class=\"wpb_column pos-top pos-center align_center column_parent col-lg-12 half-internal-gutter\"><div class=\"uncol style-light animate_when_almost_visible bottom-t-top\"  ><div class=\"uncoltable\"><div class=\"uncell no-block-padding\"><div class=\"uncont\"><div class=\"vc_custom_heading_wrap\"><div class=\"heading-text el-text\" ><h1 class=\"font-204275 h1 font-weight-400 text-accent-color\" ><span>Klienter<\/span><\/h1><\/div><div class=\"clear\"><\/div><\/div><div class=\"vc_custom_heading_wrap\"><div class=\"heading-text el-text\" ><h2 class=\"h6 font-weight-300\" ><span>Vi r\u00e5dgiver klienter til at opn\u00e5 et succesfuldt exit gennem en unik forst\u00e5else af markedet og indsigt i forskellige sektorer<\/span><\/h2><\/div><div class=\"clear\"><\/div><\/div><\/div><\/div><\/div><\/div><\/div><script id=\"script-row-213331\" data-row=\"script-row-213331\" type=\"text\/javascript\" class=\"vc_controls\">UNCODE.initRow(document.getElementById(\"row-213331\"));<\/script><\/div><\/div><\/div><div data-parent=\"true\" class=\"vc_row row-container\" id=\"row-102151\"><div class=\"row unequal one-top-padding single-bottom-padding one-h-padding limit-width row-parent\"><div class=\"wpb_row row-inner\"><div class=\"wpb_column pos-top pos-center align_left column_parent col-lg-6 single-internal-gutter\"><div class=\"uncol style-light animate_when_almost_visible bottom-t-top\" style=\"max-width:99%; margin-left:auto; margin-right:auto;\"  ><div class=\"uncoltable\"><div class=\"uncell double-block-padding\"><div class=\"column-background background-element\" style=\"opacity: 1;\">\n\t\t\t\t\t\t\t\t\t\t\t<div class=\"background-wrapper\">\n\t\t\t\t\t\t\t\t\t\t\t\t<div class=\"background-inner\"><\/div>\n\t\t\t\t\t\t\t\t\t\t\t\t<div class=\"block-bg-overlay style-color-265512-bg\" style=\"opacity: 0.25;\"><\/div>\n\t\t\t\t\t\t\t\t\t\t\t<\/div>\n\t\t\t\t\t\t\t\t\t\t<\/div><div class=\"uncont\"><div class=\"uncode-single-media  text-center\"><div class=\"single-wrapper\" style=\"max-width: 16%;\"><div class=\"tmb tmb-light  tmb-media-first tmb-media-last tmb-content-overlay tmb-no-bg\">\n\t\t\t\t\t\t<div class=\"t-inside\"><div class=\"t-entry-visual\"><div class=\"t-entry-visual-tc\"><div class=\"uncode-single-media-wrapper\">\n\t\t\t\t\t\t\t\t\t<div class=\"fluid-svg\"><div id=\"icon-185488\" style=\"width:100%\" class=\"icon-media\"><img decoding=\"async\" src=\"https:\/\/hcnpartners.com\/wp-content\/uploads\/2021\/06\/Picture10.svg\" alt=\"\" title=\"\"><\/div><\/div><\/div>\n\t\t\t\t<\/div>\n\t\t\t<\/div><\/div>\n\t\t\t\t\t<\/div><\/div><\/div><div class=\"uncode_text_column\" ><\/p>\n<p style=\"text-align: center;\"><strong>Private selskaber<\/strong><\/p>\n<p style=\"text-align: center;\">Vi har assisteret adskillige private selskaber i en r\u00e6kke af forskellige typer transaktioner. Vores r\u00e5dgivning indeb\u00e6rer dialog med ledelsen og ejerne i forbindelse med M&amp;A-, ECM-, DCM- og strategisk finansiel r\u00e5dgivning<\/p>\n<p>\n<\/div><\/div><\/div><\/div><\/div><\/div><div class=\"wpb_column pos-top pos-center align_left column_parent col-lg-6 single-internal-gutter\"><div class=\"uncol style-light animate_when_almost_visible bottom-t-top\" style=\"max-width:99%; margin-left:auto; margin-right:auto;\"  ><div class=\"uncoltable\"><div class=\"uncell double-block-padding\"><div class=\"column-background background-element\" style=\"opacity: 1;\">\n\t\t\t\t\t\t\t\t\t\t\t<div class=\"background-wrapper\">\n\t\t\t\t\t\t\t\t\t\t\t\t<div class=\"background-inner\"><\/div>\n\t\t\t\t\t\t\t\t\t\t\t\t<div class=\"block-bg-overlay style-color-265512-bg\" style=\"opacity: 0.25;\"><\/div>\n\t\t\t\t\t\t\t\t\t\t\t<\/div>\n\t\t\t\t\t\t\t\t\t\t<\/div><div class=\"uncont\"><div class=\"uncode-single-media  text-center\"><div class=\"single-wrapper\" style=\"max-width: 16%;\"><div class=\"tmb tmb-light  tmb-media-first tmb-media-last tmb-content-overlay tmb-no-bg\">\n\t\t\t\t\t\t<div class=\"t-inside\"><div class=\"t-entry-visual\"><div class=\"t-entry-visual-tc\"><div class=\"uncode-single-media-wrapper\">\n\t\t\t\t\t\t\t\t\t<div class=\"fluid-svg\"><div id=\"icon-443883\" style=\"width:100%\" class=\"icon-media\"><img decoding=\"async\" src=\"https:\/\/hcnpartners.com\/wp-content\/uploads\/2021\/06\/Picture12.svg\" alt=\"\" title=\"\"><\/div><\/div><\/div>\n\t\t\t\t<\/div>\n\t\t\t<\/div><\/div>\n\t\t\t\t\t<\/div><\/div><\/div><div class=\"uncode_text_column\" ><\/p>\n<p style=\"text-align: center;\"><strong>Ejerledere &amp; familier<\/strong><\/p>\n<p style=\"text-align: center;\">Vi har r\u00e5dgivet flere ejerledere og familier i salgsprocesser og i forbindelse med generationsskifte med fokus p\u00e5 virksomhedens fremtidige virke<\/p>\n<p>\n<\/div><\/div><\/div><\/div><\/div><\/div><script id=\"script-row-102151\" data-row=\"script-row-102151\" type=\"text\/javascript\" class=\"vc_controls\">UNCODE.initRow(document.getElementById(\"row-102151\"));<\/script><\/div><\/div><\/div><div data-parent=\"true\" class=\"vc_row row-container\" id=\"row-443603\"><div class=\"row unequal one-top-padding quad-bottom-padding one-h-padding limit-width row-parent\"><div class=\"wpb_row row-inner\"><div class=\"wpb_column pos-top pos-center align_left column_parent col-lg-6 single-internal-gutter\"><div class=\"uncol style-light animate_when_almost_visible bottom-t-top\"  ><div class=\"uncoltable\"><div class=\"uncell double-block-padding\"><div class=\"column-background background-element\" style=\"opacity: 1;\">\n\t\t\t\t\t\t\t\t\t\t\t<div class=\"background-wrapper\">\n\t\t\t\t\t\t\t\t\t\t\t\t<div class=\"background-inner\"><\/div>\n\t\t\t\t\t\t\t\t\t\t\t\t<div class=\"block-bg-overlay style-color-265512-bg\" style=\"opacity: 0.25;\"><\/div>\n\t\t\t\t\t\t\t\t\t\t\t<\/div>\n\t\t\t\t\t\t\t\t\t\t<\/div><div class=\"uncont\"><div class=\"uncode-single-media  text-center\"><div class=\"single-wrapper\" style=\"max-width: 16%;\"><div class=\"tmb tmb-light  tmb-media-first tmb-media-last tmb-content-overlay tmb-no-bg\">\n\t\t\t\t\t\t<div class=\"t-inside\"><div class=\"t-entry-visual\"><div class=\"t-entry-visual-tc\"><div class=\"uncode-single-media-wrapper\">\n\t\t\t\t\t\t\t\t\t<div class=\"fluid-svg\"><div id=\"icon-188961\" style=\"width:100%\" class=\"icon-media\"><img decoding=\"async\" src=\"https:\/\/hcnpartners.com\/wp-content\/uploads\/2021\/06\/Picture11.svg\" alt=\"\" title=\"\"><\/div><\/div><\/div>\n\t\t\t\t<\/div>\n\t\t\t<\/div><\/div>\n\t\t\t\t\t<\/div><\/div><\/div><div class=\"uncode_text_column\" ><\/p>\n<p style=\"text-align: center;\"><strong>Finansielle investorer<\/strong><\/p>\n<p style=\"text-align: center;\">Gennem de seneste 20 \u00e5r har vores partnere assisteret finansielle investorer med identificering af investeringsmuligheder samt support gennem ejerskabsperioden. Dette indeb\u00e6rer blandt andet r\u00e5dgivning omkring strategiske opk\u00f8b eller frasalg af portef\u00f8ljeselskaber. Som uafh\u00e6ngig r\u00e5dgiver, har vores klienter frihed i forhold til finansiering<\/p>\n<p>\n<\/div><\/div><\/div><\/div><\/div><\/div><div class=\"wpb_column pos-top pos-center align_center column_parent col-lg-6 single-internal-gutter\"><div class=\"uncol style-light animate_when_almost_visible bottom-t-top\"  ><div class=\"uncoltable\"><div class=\"uncell double-block-padding\"><div class=\"column-background background-element\" style=\"opacity: 1;\">\n\t\t\t\t\t\t\t\t\t\t\t<div class=\"background-wrapper\">\n\t\t\t\t\t\t\t\t\t\t\t\t<div class=\"background-inner\"><\/div>\n\t\t\t\t\t\t\t\t\t\t\t\t<div class=\"block-bg-overlay style-color-265512-bg\" style=\"opacity: 0.25;\"><\/div>\n\t\t\t\t\t\t\t\t\t\t\t<\/div>\n\t\t\t\t\t\t\t\t\t\t<\/div><div class=\"uncont\"><div class=\"uncode-single-media  text-center\"><div class=\"single-wrapper\" style=\"max-width: 18%;\"><div class=\"tmb tmb-light  tmb-media-first tmb-media-last tmb-content-overlay tmb-no-bg\">\n\t\t\t\t\t\t<div class=\"t-inside\"><div class=\"t-entry-visual\"><div class=\"t-entry-visual-tc\"><div class=\"uncode-single-media-wrapper\">\n\t\t\t\t\t\t\t\t\t<div class=\"fluid-svg\"><div id=\"icon-901291\" style=\"width:100%\" class=\"icon-media\"><img decoding=\"async\" src=\"https:\/\/hcnpartners.com\/wp-content\/uploads\/2021\/06\/Picture9.svg\" alt=\"\" title=\"\"><\/div><\/div><\/div>\n\t\t\t\t<\/div>\n\t\t\t<\/div><\/div>\n\t\t\t\t\t<\/div><\/div><\/div><div class=\"uncode_text_column\" ><\/p>\n<p style=\"text-align: center;\"><strong>Offentlige og b\u00f8rsnoterede selskaber<\/strong><\/p>\n<p style=\"text-align: center;\">Vi har ageret r\u00e5dgiver for offentlige og b\u00f8rsnoterede selskaber p\u00e5 en lang r\u00e6kke transaktioner. Dette har givet os v\u00e6rdifuld indsigt i interaktionen mellem bestyrelse, ledelse og ejere i forbindelse med komplekse udfordringer. Gennem vores erfaringer har vi opn\u00e5et unik ekspertise inden for M&amp;A-, ECM-, DCM- og strategisk finansiel r\u00e5dgivning<\/p>\n<p>\n<\/div><\/div><\/div><\/div><\/div><\/div><script id=\"script-row-443603\" data-row=\"script-row-443603\" type=\"text\/javascript\" class=\"vc_controls\">UNCODE.initRow(document.getElementById(\"row-443603\"));<\/script><\/div><\/div><\/div><div data-parent=\"true\" class=\"vc_row row-container desktop-hidden\" id=\"row-724904\"><div class=\"row limit-width row-parent\"><div class=\"wpb_row row-inner\"><div class=\"wpb_column pos-top pos-center align_left column_parent col-lg-12 single-internal-gutter\"><div class=\"uncol style-light\"  ><div class=\"uncoltable\"><div class=\"uncell no-block-padding\"><div class=\"uncont\"><div class=\"uncode-single-media  text-left\"><div class=\"single-wrapper\" style=\"max-width: 100%;\"><div class=\"tmb tmb-light  tmb-media-first tmb-media-last tmb-content-overlay tmb-no-bg\">\n\t\t\t\t\t\t<div class=\"t-inside\"><div class=\"t-entry-visual\"><div class=\"t-entry-visual-tc\"><div class=\"uncode-single-media-wrapper\">\n\t\t\t\t\t\t\t\t\t<img decoding=\"async\" class=\"wp-image-40\" src=\"https:\/\/hcnpartners.com\/wp-content\/uploads\/2021\/03\/Henrik-Nederschier-Grey.png\" width=\"1000\" height=\"667\" alt=\"\" title=\"\" srcset=\"https:\/\/hcnpartners.com\/wp-content\/uploads\/2021\/03\/Henrik-Nederschier-Grey.png 1000w, https:\/\/hcnpartners.com\/wp-content\/uploads\/2021\/03\/Henrik-Nederschier-Grey-300x200.png 300w, https:\/\/hcnpartners.com\/wp-content\/uploads\/2021\/03\/Henrik-Nederschier-Grey-768x512.png 768w\" sizes=\"(max-width: 1000px) 100vw, 1000px\"><\/div>\n\t\t\t\t<\/div>\n\t\t\t<\/div><\/div>\n\t\t\t\t\t<\/div><\/div><\/div><div class=\"uncode_text_column vc_custom_1616489574769 text-small\"  style=\"padding-top: 20px ;\"><p><strong>Henrik Nederschier<\/strong><br \/>\nManaging Partner<\/p>\n<p>+45 28 93 07 51<br \/>\n<a href=\"mailto:hn@hcnpartners.dk\">hn@hcnpartners.dk<\/a><\/p>\n<\/div><div class=\"icon-box icon-box-top\" ><div class=\"icon-box-icon fa-container\" style=\"margin-bottom: 0px;\"><a href=\"http:\/\/linkedin.com\/in\/henrik-nederschier-0099682\" target=\"_blank\" class=\"fa fa-stack fa-1x btn-accent fa-rounded btn-outline custom-link\" rel=\"nofollow noopener\"><i class=\"fa fa-linkedin\"><\/i><\/a><\/div><\/div><div class=\"uncode-single-media  text-left\"><div class=\"single-wrapper\" style=\"max-width: 100%;\"><div class=\"tmb tmb-light  tmb-media-first tmb-media-last tmb-content-overlay tmb-no-bg\">\n\t\t\t\t\t\t<div class=\"t-inside\"><div class=\"t-entry-visual\"><div class=\"t-entry-visual-tc\"><div class=\"uncode-single-media-wrapper\">\n\t\t\t\t\t\t\t\t\t<img decoding=\"async\" class=\"wp-image-41\" src=\"https:\/\/hcnpartners.com\/wp-content\/uploads\/2021\/03\/Casper-Noergaard-Grey.png\" width=\"1000\" height=\"667\" alt=\"\" title=\"\" srcset=\"https:\/\/hcnpartners.com\/wp-content\/uploads\/2021\/03\/Casper-Noergaard-Grey.png 1000w, https:\/\/hcnpartners.com\/wp-content\/uploads\/2021\/03\/Casper-Noergaard-Grey-300x200.png 300w, https:\/\/hcnpartners.com\/wp-content\/uploads\/2021\/03\/Casper-Noergaard-Grey-768x512.png 768w\" sizes=\"(max-width: 1000px) 100vw, 1000px\"><\/div>\n\t\t\t\t<\/div>\n\t\t\t<\/div><\/div>\n\t\t\t\t\t<\/div><\/div><\/div><div class=\"uncode_text_column vc_custom_1616489569080 text-small\"  style=\"padding-top: 20px ;\"><p><strong>Casper N\u00f8rgaard<\/strong><br \/>\nManaging Partner<\/p>\n<p>+45 60 38 87 69<br \/>\n<a href=\"mailto:cn@hcnpartners.dk\">cn@hcnpartners.dk<\/a><\/p>\n<\/div><div class=\"icon-box icon-box-top\" ><div class=\"icon-box-icon fa-container\" style=\"margin-bottom: 0px;\"><a href=\"http:\/\/linkedin.com\/in\/casper-n\u00f8rgaard-429b085\" target=\"_blank\" class=\"fa fa-stack fa-1x btn-accent fa-rounded btn-outline custom-link\" rel=\"nofollow noopener\"><i class=\"fa fa-linkedin\"><\/i><\/a><\/div><\/div><\/div><\/div><\/div><\/div><\/div><script id=\"script-row-724904\" data-row=\"script-row-724904\" type=\"text\/javascript\" class=\"vc_controls\">UNCODE.initRow(document.getElementById(\"row-724904\"));<\/script><\/div><\/div><\/div>\n<\/div>","protected":false},"excerpt":{"rendered":"We work together with many different clients including private companies, founders &amp; families, financial investors and listed companiesClientsAssisting clients achieve [...]","protected":false},"author":6,"featured_media":0,"parent":0,"menu_order":0,"comment_status":"closed","ping_status":"closed","template":"","meta":{"footnotes":""},"class_list":["post-760","page","type-page","status-publish","hentry"],"_links":{"self":[{"href":"https:\/\/hcnpartners.com\/da\/wp-json\/wp\/v2\/pages\/760","targetHints":{"allow":["GET"]}}],"collection":[{"href":"https:\/\/hcnpartners.com\/da\/wp-json\/wp\/v2\/pages"}],"about":[{"href":"https:\/\/hcnpartners.com\/da\/wp-json\/wp\/v2\/types\/page"}],"author":[{"embeddable":true,"href":"https:\/\/hcnpartners.com\/da\/wp-json\/wp\/v2\/users\/6"}],"replies":[{"embeddable":true,"href":"https:\/\/hcnpartners.com\/da\/wp-json\/wp\/v2\/comments?post=760"}],"version-history":[{"count":48,"href":"https:\/\/hcnpartners.com\/da\/wp-json\/wp\/v2\/pages\/760\/revisions"}],"predecessor-version":[{"id":2240,"href":"https:\/\/hcnpartners.com\/da\/wp-json\/wp\/v2\/pages\/760\/revisions\/2240"}],"wp:attachment":[{"href":"https:\/\/hcnpartners.com\/da\/wp-json\/wp\/v2\/media?parent=760"}],"curies":[{"name":"wp","href":"https:\/\/api.w.org\/{rel}","templated":true}]}}