{"id":948,"date":"2021-04-13T14:19:56","date_gmt":"2021-04-13T12:19:56","guid":{"rendered":"https:\/\/hcnpartners.com\/?page_id=948"},"modified":"2021-09-21T09:14:48","modified_gmt":"2021-09-21T07:14:48","slug":"ipo-and-ecm-advisory","status":"publish","type":"page","link":"https:\/\/hcnpartners.com\/da\/services\/ipo-and-ecm-advisory\/","title":{"rendered":"IPO and ECM advisory"},"content":{"rendered":"<div class=\"wpb-content-wrapper\"><div data-parent=\"true\" class=\"vc_row row-container\" id=\"row-789785\"><div class=\"row unequal col-no-gutter no-top-padding no-bottom-padding no-h-padding full-width row-parent\" data-height-ratio=\"16\"><div class=\"wpb_row row-inner\"><div class=\"wpb_column pos-middle pos-center align_center column_parent col-lg-8 tablet-hidden mobile-hidden single-internal-gutter\"><div class=\"uncol style-dark\"  ><div class=\"uncoltable\" style=\"min-height: 300px;\"><div class=\"uncell triple-block-padding\"><div class=\"column-background background-element\">\n\t\t\t\t\t\t\t\t\t\t\t<div class=\"background-wrapper\">\n\t\t\t\t\t\t\t\t\t\t\t\t<div class=\"background-inner\" style=\"background-image: url(https:\/\/hcnpartners.com\/wp-content\/uploads\/2021\/04\/IPO-and-ECM-Advisory-Bloomberg-1.jpg);background-repeat: no-repeat;background-position: center center;background-size: cover;\" data-o_src=\"https:\/\/hcnpartners.com\/wp-content\/uploads\/2021\/04\/IPO-and-ECM-Advisory-Bloomberg-1.jpg\"><\/div>\n\t\t\t\t\t\t\t\t\t\t\t\t<div class=\"block-bg-overlay style-accent-bg\" style=\"opacity: 0.33;\"><\/div>\n\t\t\t\t\t\t\t\t\t\t\t<\/div>\n\t\t\t\t\t\t\t\t\t\t<\/div><div class=\"uncont\"><div class=\"empty-space empty-quad\" ><span class=\"empty-space-inner\"><\/span><\/div>\n<\/div><\/div><\/div><\/div><\/div><div class=\"wpb_column pos-middle pos-center align_left column_parent col-lg-4 no-internal-gutter\"><div class=\"uncol style-dark\"  ><div class=\"uncoltable\"><div class=\"uncell quad-block-padding style-accent-bg\"><div class=\"uncont\"><div class=\"vc_custom_heading_wrap\"><div class=\"heading-text el-text\" ><h2 class=\"h4 font-weight-200\" ><span>Vi tilbyder r\u00e5dgivning omkring kapitalmarkeder, herunder forberedelse af selskaber til b\u00f8rsnotering samt strukturering af b\u00f8rsnoteringer, kapitalrejsninger og aktieemissioner<\/span><\/h2><\/div><div class=\"clear\"><\/div><\/div><\/div><\/div><\/div><\/div><\/div><script id=\"script-row-789785\" data-row=\"script-row-789785\" type=\"text\/javascript\" class=\"vc_controls\">UNCODE.initRow(document.getElementById(\"row-789785\"));<\/script><\/div><\/div><\/div><div data-parent=\"true\" class=\"vc_row row-container\" id=\"row-895300\"><div class=\"row col-half-gutter quad-top-padding quad-bottom-padding single-h-padding full-width row-parent\"><div class=\"wpb_row row-inner\"><div class=\"wpb_column pos-top pos-center align_left column_parent col-lg-2 tablet-hidden mobile-hidden single-internal-gutter\"><div class=\"uncol style-light\"  ><div class=\"uncoltable\"><div class=\"uncell single-block-padding\"><div class=\"uncont\"><\/div><\/div><\/div><\/div><\/div><div class=\"wpb_column pos-top pos-center align_left column_parent col-lg-6 single-internal-gutter\"><div class=\"uncol style-light animate_when_almost_visible bottom-t-top\"  ><div class=\"uncoltable\"><div class=\"uncell one-block-padding\"><div class=\"uncont\"><div class=\"vc_custom_heading_wrap\"><div class=\"heading-text el-text\" ><h1 class=\"font-204275 h1 font-weight-300 text-accent-color\" ><span>ECM r\u00e5dgivning<\/span><\/h1><\/div><div class=\"clear\"><\/div><\/div><div class=\"uncode_text_column vc_custom_1624270891587\"  style=\"margin-top: 20px ;\"><p>Aktiemarkederne giver selskaber mulighed for at underst\u00f8tte v\u00e6kst og strategiske initiativer gennem rejsning af kapital fra institutionelle og private investorer. Det sker blandt andet ved b\u00f8rsnoteringer eller aktieemissioner. Dokumentationskravene er komplekse og omfattende i forbindelse med b\u00f8rsnoteringer, hvorved de kan p\u00e5f\u00f8re organisationen en omfattende arbejdsbelastning<\/p>\n<p>&nbsp;<\/p>\n<p><strong>Hvad b\u00f8r man overveje<\/strong><\/p>\n<ul>\n<li>Har virksomheden de n\u00f8dvendige ressourcer til at h\u00e5ndtere dokumentationskrav i forbindelse med en b\u00f8rsnotering?<\/li>\n<li>Hvad skal midlerne bruges til og hvordan skal historien formidles til investorer?<\/li>\n<li>Hvad er den optimale kombination af syndikatmedlemmer?<\/li>\n<li>Hvorn\u00e5r og hvor skal selskabet b\u00f8rsnoteres?<\/li>\n<li>Hvad er den optimale pris for noteringen?<\/li>\n<li>Hvordan skal tegningsbogen struktureres?<\/li>\n<li>Kan g\u00e6ld v\u00e6re et alternativ til egenkapital?<\/li>\n<\/ul>\n<p>&nbsp;<\/p>\n<p><strong>Hvordan HCN Partners kan assistere dig<\/strong><\/p>\n<p>Gennem mere end 50 \u00e5rs samlet erfaring med kapitalrejsninger, b\u00f8rsnoteringer og aktieemissioner, har vi tilegnet os viden og kompetencer, som sikrer dig f\u00f8rende r\u00e5dgivning. Vores tilgang til r\u00e5dgivning indeb\u00e6rer konstant involvering, hvor vi assisterer dig gennem hele processen, hvilket sikrer en succesfuld transaktion samt et tilfredsstillende resultat<\/p>\n<\/div><\/div><\/div><\/div><\/div><\/div><div class=\"wpb_column pos-top pos-center align_left column_parent col-lg-4 mobile-hidden single-internal-gutter\"><div class=\"uncol style-light animate_when_almost_visible bottom-t-top\"  ><div class=\"uncoltable\"><div class=\"uncell double-block-padding\"><div class=\"uncont\"><div class=\"vc_row row-internal row-container tablet-hidden mobile-hidden\"><div class=\"row row-child\"><div class=\"wpb_row row-inner\"><div class=\"wpb_column pos-top pos-center align_left column_child col-lg-12 single-internal-gutter\"><div class=\"uncol style-light\" ><div class=\"uncoltable\"><div class=\"uncell no-block-padding\"><div class=\"uncont\"><div class=\"vc_wp_custommenu wpb_content_element widget-no-arrows widget-typography-inherit\" ><aside class=\"widget widget-style widget_nav_menu widget-container collapse-init sidebar-widgets\"><h3 class=\"widget-title\">Vores services<\/h3><div class=\"menu-services-container\"><ul id=\"menu-services\" class=\"menu\"><li id=\"menu-item-603\" class=\"menu-item menu-item-type-post_type menu-item-object-page menu-item-603\"><a href=\"https:\/\/hcnpartners.com\/da\/advisory\/\">M&amp;A r\u00e5dgivning<\/a><\/li>\n<li id=\"menu-item-954\" class=\"menu-item menu-item-type-post_type menu-item-object-page menu-item-954\"><a href=\"https:\/\/hcnpartners.com\/da\/services\/ipo-and-ecm-advisory\/\">ECM r\u00e5dgivning<\/a><\/li>\n<li id=\"menu-item-982\" class=\"menu-item menu-item-type-post_type menu-item-object-page menu-item-982\"><a href=\"https:\/\/hcnpartners.com\/da\/debt-advisory\/\">DCM r\u00e5dgivning<\/a><\/li>\n<li id=\"menu-item-983\" class=\"menu-item menu-item-type-post_type menu-item-object-page menu-item-983\"><a href=\"https:\/\/hcnpartners.com\/da\/strategic-financial-advisory\/\">Strategisk finansiel r\u00e5dgivning<\/a><\/li>\n<\/ul><\/div><\/aside><\/div><div class=\"divider-wrapper  tablet-hidden mobile-hidden\"  >\n    <hr class=\"border-default-color separator-no-padding\"  \/>\n<\/div>\n<span class=\"btn-container\" ><a href=\"https:\/\/hcnpartners.com\/da\/who-we-are\/#contact\" class=\"custom-link btn border-width-0 btn-accent btn-square btn-outline btn-icon-left\">Kontakt os<\/a><\/span><\/div><\/div><\/div><\/div><\/div><\/div><\/div><\/div><\/div><\/div><\/div><\/div><\/div><script id=\"script-row-895300\" data-row=\"script-row-895300\" type=\"text\/javascript\" class=\"vc_controls\">UNCODE.initRow(document.getElementById(\"row-895300\"));<\/script><\/div><\/div><\/div><div data-parent=\"true\" class=\"vc_row row-container desktop-hidden\" id=\"row-103956\"><div class=\"row limit-width row-parent\"><div class=\"wpb_row row-inner\"><div class=\"wpb_column pos-top pos-center align_left column_parent col-lg-12 single-internal-gutter\"><div class=\"uncol style-light\"  ><div class=\"uncoltable\"><div class=\"uncell no-block-padding\"><div class=\"uncont\"><div class=\"uncode-single-media  text-left\"><div class=\"single-wrapper\" style=\"max-width: 100%;\"><div class=\"tmb tmb-light  tmb-media-first tmb-media-last tmb-content-overlay tmb-no-bg\">\n\t\t\t\t\t\t<div class=\"t-inside\"><div class=\"t-entry-visual\"><div class=\"t-entry-visual-tc\"><div class=\"uncode-single-media-wrapper\">\n\t\t\t\t\t\t\t\t\t<img decoding=\"async\" class=\"wp-image-40\" src=\"https:\/\/hcnpartners.com\/wp-content\/uploads\/2021\/03\/Henrik-Nederschier-Grey.png\" width=\"1000\" height=\"667\" alt=\"\" title=\"\" srcset=\"https:\/\/hcnpartners.com\/wp-content\/uploads\/2021\/03\/Henrik-Nederschier-Grey.png 1000w, https:\/\/hcnpartners.com\/wp-content\/uploads\/2021\/03\/Henrik-Nederschier-Grey-300x200.png 300w, https:\/\/hcnpartners.com\/wp-content\/uploads\/2021\/03\/Henrik-Nederschier-Grey-768x512.png 768w\" sizes=\"(max-width: 1000px) 100vw, 1000px\"><\/div>\n\t\t\t\t<\/div>\n\t\t\t<\/div><\/div>\n\t\t\t\t\t<\/div><\/div><\/div><div class=\"uncode_text_column vc_custom_1616489574769 text-small\"  style=\"padding-top: 20px ;\"><p><strong>Henrik Nederschier<\/strong><br \/>\nManaging Partner<\/p>\n<p>+45 28 93 07 51<br \/>\n<a href=\"mailto:hn@hcnpartners.dk\">hn@hcnpartners.dk<\/a><\/p>\n<\/div><div class=\"icon-box icon-box-top\" ><div class=\"icon-box-icon fa-container\" style=\"margin-bottom: 0px;\"><a href=\"http:\/\/linkedin.com\/in\/henrik-nederschier-0099682\" target=\"_blank\" class=\"fa fa-stack fa-1x btn-accent fa-rounded btn-outline custom-link\" rel=\"nofollow noopener\"><i class=\"fa fa-linkedin\"><\/i><\/a><\/div><\/div><div class=\"uncode-single-media  text-left\"><div class=\"single-wrapper\" style=\"max-width: 100%;\"><div class=\"tmb tmb-light  tmb-media-first tmb-media-last tmb-content-overlay tmb-no-bg\">\n\t\t\t\t\t\t<div class=\"t-inside\"><div class=\"t-entry-visual\"><div class=\"t-entry-visual-tc\"><div class=\"uncode-single-media-wrapper\">\n\t\t\t\t\t\t\t\t\t<img decoding=\"async\" class=\"wp-image-41\" src=\"https:\/\/hcnpartners.com\/wp-content\/uploads\/2021\/03\/Casper-Noergaard-Grey.png\" width=\"1000\" height=\"667\" alt=\"\" title=\"\" srcset=\"https:\/\/hcnpartners.com\/wp-content\/uploads\/2021\/03\/Casper-Noergaard-Grey.png 1000w, https:\/\/hcnpartners.com\/wp-content\/uploads\/2021\/03\/Casper-Noergaard-Grey-300x200.png 300w, https:\/\/hcnpartners.com\/wp-content\/uploads\/2021\/03\/Casper-Noergaard-Grey-768x512.png 768w\" sizes=\"(max-width: 1000px) 100vw, 1000px\"><\/div>\n\t\t\t\t<\/div>\n\t\t\t<\/div><\/div>\n\t\t\t\t\t<\/div><\/div><\/div><div class=\"uncode_text_column vc_custom_1616489569080 text-small\"  style=\"padding-top: 20px ;\"><p><strong>Casper N\u00f8rgaard<\/strong><br \/>\nManaging Partner<\/p>\n<p>+45 60 38 87 69<br \/>\n<a href=\"mailto:cn@hcnpartners.dk\">cn@hcnpartners.dk<\/a><\/p>\n<\/div><div class=\"icon-box icon-box-top\" ><div class=\"icon-box-icon fa-container\" style=\"margin-bottom: 0px;\"><a href=\"http:\/\/linkedin.com\/in\/casper-n\u00f8rgaard-429b085\" target=\"_blank\" class=\"fa fa-stack fa-1x btn-accent fa-rounded btn-outline custom-link\" rel=\"nofollow noopener\"><i class=\"fa fa-linkedin\"><\/i><\/a><\/div><\/div><\/div><\/div><\/div><\/div><\/div><script id=\"script-row-103956\" data-row=\"script-row-103956\" type=\"text\/javascript\" class=\"vc_controls\">UNCODE.initRow(document.getElementById(\"row-103956\"));<\/script><\/div><\/div><\/div>\n<\/div>","protected":false},"excerpt":{"rendered":"We offer high-quality ECM advisory including preparing companies for IPOs and advice regarding the structuring of initial public offerings (IPOs), [...]","protected":false},"author":6,"featured_media":0,"parent":688,"menu_order":0,"comment_status":"closed","ping_status":"closed","template":"","meta":{"footnotes":""},"class_list":["post-948","page","type-page","status-publish","hentry"],"_links":{"self":[{"href":"https:\/\/hcnpartners.com\/da\/wp-json\/wp\/v2\/pages\/948","targetHints":{"allow":["GET"]}}],"collection":[{"href":"https:\/\/hcnpartners.com\/da\/wp-json\/wp\/v2\/pages"}],"about":[{"href":"https:\/\/hcnpartners.com\/da\/wp-json\/wp\/v2\/types\/page"}],"author":[{"embeddable":true,"href":"https:\/\/hcnpartners.com\/da\/wp-json\/wp\/v2\/users\/6"}],"replies":[{"embeddable":true,"href":"https:\/\/hcnpartners.com\/da\/wp-json\/wp\/v2\/comments?post=948"}],"version-history":[{"count":22,"href":"https:\/\/hcnpartners.com\/da\/wp-json\/wp\/v2\/pages\/948\/revisions"}],"predecessor-version":[{"id":2243,"href":"https:\/\/hcnpartners.com\/da\/wp-json\/wp\/v2\/pages\/948\/revisions\/2243"}],"up":[{"embeddable":true,"href":"https:\/\/hcnpartners.com\/da\/wp-json\/wp\/v2\/pages\/688"}],"wp:attachment":[{"href":"https:\/\/hcnpartners.com\/da\/wp-json\/wp\/v2\/media?parent=948"}],"curies":[{"name":"wp","href":"https:\/\/api.w.org\/{rel}","templated":true}]}}