{"id":973,"date":"2021-04-13T15:11:37","date_gmt":"2021-04-13T13:11:37","guid":{"rendered":"https:\/\/hcnpartners.com\/?page_id=973"},"modified":"2021-09-21T09:13:44","modified_gmt":"2021-09-21T07:13:44","slug":"debt-advisory","status":"publish","type":"page","link":"https:\/\/hcnpartners.com\/da\/debt-advisory\/","title":{"rendered":"DCM r\u00e5dgivning"},"content":{"rendered":"<div class=\"wpb-content-wrapper\"><div data-parent=\"true\" class=\"vc_row row-container\" id=\"row-104835\"><div class=\"row unequal col-no-gutter no-top-padding no-bottom-padding no-h-padding full-width row-parent\" data-height-ratio=\"16\"><div class=\"wpb_row row-inner\"><div class=\"wpb_column pos-middle pos-center align_center column_parent col-lg-8 tablet-hidden mobile-hidden single-internal-gutter\"><div class=\"uncol style-dark\"  ><div class=\"uncoltable\" style=\"min-height: 300px;\"><div class=\"uncell triple-block-padding\"><div class=\"column-background background-element\">\n\t\t\t\t\t\t\t\t\t\t\t<div class=\"background-wrapper\">\n\t\t\t\t\t\t\t\t\t\t\t\t<div class=\"background-inner\" style=\"background-image: url(https:\/\/hcnpartners.com\/wp-content\/uploads\/2021\/04\/Debt-advisory2.jpg);background-repeat: no-repeat;background-position: center center;background-size: cover;\" data-o_src=\"https:\/\/hcnpartners.com\/wp-content\/uploads\/2021\/04\/Debt-advisory2.jpg\"><\/div>\n\t\t\t\t\t\t\t\t\t\t\t\t<div class=\"block-bg-overlay style-accent-bg\" style=\"opacity: 0.35;\"><\/div>\n\t\t\t\t\t\t\t\t\t\t\t<\/div>\n\t\t\t\t\t\t\t\t\t\t<\/div><div class=\"uncont\"><div class=\"empty-space empty-quad\" ><span class=\"empty-space-inner\"><\/span><\/div>\n<\/div><\/div><\/div><\/div><\/div><div class=\"wpb_column pos-middle pos-center align_left column_parent col-lg-4 no-internal-gutter\"><div class=\"uncol style-dark\"  ><div class=\"uncoltable\"><div class=\"uncell quad-block-padding style-accent-bg\"><div class=\"uncont\"><div class=\"vc_custom_heading_wrap\"><div class=\"heading-text el-text\" ><h2 class=\"h4 font-weight-200\" ><span>Vi tilbyder r\u00e5dgivning i forbindelse med rejsning af fremmedkapital, herunder strukturering af kreditfaciliteter og restruktureringer<\/span><\/h2><\/div><div class=\"clear\"><\/div><\/div><\/div><\/div><\/div><\/div><\/div><script id=\"script-row-104835\" data-row=\"script-row-104835\" type=\"text\/javascript\" class=\"vc_controls\">UNCODE.initRow(document.getElementById(\"row-104835\"));<\/script><\/div><\/div><\/div><div data-parent=\"true\" class=\"vc_row row-container\" id=\"row-482830\"><div class=\"row col-half-gutter quad-top-padding quad-bottom-padding single-h-padding full-width row-parent\"><div class=\"wpb_row row-inner\"><div class=\"wpb_column pos-top pos-center align_left column_parent col-lg-2 tablet-hidden mobile-hidden single-internal-gutter\"><div class=\"uncol style-light\"  ><div class=\"uncoltable\"><div class=\"uncell single-block-padding\"><div class=\"uncont\"><\/div><\/div><\/div><\/div><\/div><div class=\"wpb_column pos-top pos-center align_left column_parent col-lg-6 single-internal-gutter\"><div class=\"uncol style-light animate_when_almost_visible bottom-t-top\"  ><div class=\"uncoltable\"><div class=\"uncell one-block-padding\"><div class=\"uncont\"><div class=\"vc_custom_heading_wrap\"><div class=\"heading-text el-text\" ><h1 class=\"font-204275 h1 font-weight-400 text-accent-color\" ><span>DCM r\u00e5dgivning<\/span><\/h1><\/div><div class=\"clear\"><\/div><\/div><div class=\"uncode_text_column vc_custom_1624270935639\"  style=\"margin-top: 20px ;\"><p>G\u00e6ldsmarkederne er i stigende grad v\u00e6sentlige for selskaber, der \u00f8nsker at rejse kapital til at supportere v\u00e6kst og strategiske ambitioner. Det kan dog v\u00e6re kompliceret at v\u00e6lge den rigtige l\u00f8sning, hvis man ikke har erfaring med forskellige typer af g\u00e6ld og kilder til finansiering<\/p>\n<p>&nbsp;<\/p>\n<p><strong>Hvad b\u00f8r man overveje<\/strong><\/p>\n<ul>\n<li>Hvordan er virksomhedens finansielle risikoprofil, kreditvurdering og finansielle fleksibilitet?<\/li>\n<li>Hvad er den optimale kombination af g\u00e6ld og egenkapital?<\/li>\n<li>Hvilke g\u00e6ldsinstrumenter vil passe til virksomheden?<\/li>\n<li>Hvordan vil aktion\u00e6rerne reagere p\u00e5 ny g\u00e6ldsfinansiering?<\/li>\n<li>Hvilke investorer er villige til at investere i g\u00e6ldsudstedelsen?<\/li>\n<li>Kan egenkapital v\u00e6re et alternativ?<\/li>\n<\/ul>\n<p>&nbsp;<\/p>\n<p><strong>Hvordan HCN Partners kan assistere dig<\/strong><\/p>\n<p>Gennem mere end 50 \u00e5rs samlet erfaring har vi tilegnet os viden og kompetencer, som sikrer dig f\u00f8rende r\u00e5dgivning i forbindelse med rejsning af fremmedkapital. Vores tilgang til r\u00e5dgivning indeb\u00e6rer konstant involvering, hvor vi assisterer dig gennem hele processen, hvilket sikrer en succesfuld transaktion samt et tilfredsstillende resultat<\/p>\n<\/div><\/div><\/div><\/div><\/div><\/div><div class=\"wpb_column pos-top pos-center align_left column_parent col-lg-4 mobile-hidden single-internal-gutter\"><div class=\"uncol style-light animate_when_almost_visible bottom-t-top\"  ><div class=\"uncoltable\"><div class=\"uncell double-block-padding\"><div class=\"uncont\"><div class=\"vc_row row-internal row-container tablet-hidden mobile-hidden\"><div class=\"row row-child\"><div class=\"wpb_row row-inner\"><div class=\"wpb_column pos-top pos-center align_left column_child col-lg-12 single-internal-gutter\"><div class=\"uncol style-light\" ><div class=\"uncoltable\"><div class=\"uncell no-block-padding\"><div class=\"uncont\"><div class=\"vc_wp_custommenu wpb_content_element widget-no-arrows widget-typography-inherit\" ><aside class=\"widget widget-style widget_nav_menu widget-container collapse-init sidebar-widgets\"><h3 class=\"widget-title\">Vores services<\/h3><div class=\"menu-services-container\"><ul id=\"menu-services\" class=\"menu\"><li id=\"menu-item-603\" class=\"menu-item menu-item-type-post_type menu-item-object-page menu-item-603\"><a href=\"https:\/\/hcnpartners.com\/da\/advisory\/\">M&amp;A r\u00e5dgivning<\/a><\/li>\n<li id=\"menu-item-954\" class=\"menu-item menu-item-type-post_type menu-item-object-page menu-item-954\"><a href=\"https:\/\/hcnpartners.com\/da\/services\/ipo-and-ecm-advisory\/\">ECM r\u00e5dgivning<\/a><\/li>\n<li id=\"menu-item-982\" class=\"menu-item menu-item-type-post_type menu-item-object-page menu-item-982\"><a href=\"https:\/\/hcnpartners.com\/da\/debt-advisory\/\">DCM r\u00e5dgivning<\/a><\/li>\n<li id=\"menu-item-983\" class=\"menu-item menu-item-type-post_type menu-item-object-page menu-item-983\"><a href=\"https:\/\/hcnpartners.com\/da\/strategic-financial-advisory\/\">Strategisk finansiel r\u00e5dgivning<\/a><\/li>\n<\/ul><\/div><\/aside><\/div><div class=\"divider-wrapper  tablet-hidden mobile-hidden\"  >\n    <hr class=\"border-default-color separator-no-padding\"  \/>\n<\/div>\n<span class=\"btn-container\" ><a href=\"https:\/\/hcnpartners.com\/da\/who-we-are\/#contact\" class=\"custom-link btn border-width-0 btn-accent btn-square btn-outline btn-icon-left\">Kontakt os<\/a><\/span><\/div><\/div><\/div><\/div><\/div><\/div><\/div><\/div><\/div><\/div><\/div><\/div><\/div><script id=\"script-row-482830\" data-row=\"script-row-482830\" type=\"text\/javascript\" class=\"vc_controls\">UNCODE.initRow(document.getElementById(\"row-482830\"));<\/script><\/div><\/div><\/div><div data-parent=\"true\" class=\"vc_row row-container desktop-hidden\" id=\"row-146805\"><div class=\"row limit-width row-parent\"><div class=\"wpb_row row-inner\"><div class=\"wpb_column pos-top pos-center align_left column_parent col-lg-12 single-internal-gutter\"><div class=\"uncol style-light\"  ><div class=\"uncoltable\"><div class=\"uncell no-block-padding\"><div class=\"uncont\"><div class=\"uncode-single-media  text-left\"><div class=\"single-wrapper\" style=\"max-width: 100%;\"><div class=\"tmb tmb-light  tmb-media-first tmb-media-last tmb-content-overlay tmb-no-bg\">\n\t\t\t\t\t\t<div class=\"t-inside\"><div class=\"t-entry-visual\"><div class=\"t-entry-visual-tc\"><div class=\"uncode-single-media-wrapper\">\n\t\t\t\t\t\t\t\t\t<img decoding=\"async\" class=\"wp-image-40\" src=\"https:\/\/hcnpartners.com\/wp-content\/uploads\/2021\/03\/Henrik-Nederschier-Grey.png\" width=\"1000\" height=\"667\" alt=\"\" title=\"\" srcset=\"https:\/\/hcnpartners.com\/wp-content\/uploads\/2021\/03\/Henrik-Nederschier-Grey.png 1000w, https:\/\/hcnpartners.com\/wp-content\/uploads\/2021\/03\/Henrik-Nederschier-Grey-300x200.png 300w, https:\/\/hcnpartners.com\/wp-content\/uploads\/2021\/03\/Henrik-Nederschier-Grey-768x512.png 768w\" sizes=\"(max-width: 1000px) 100vw, 1000px\"><\/div>\n\t\t\t\t<\/div>\n\t\t\t<\/div><\/div>\n\t\t\t\t\t<\/div><\/div><\/div><div class=\"uncode_text_column vc_custom_1616489574769 text-small\"  style=\"padding-top: 20px ;\"><p><strong>Henrik Nederschier<\/strong><br \/>\nManaging Partner<\/p>\n<p>+45 28 93 07 51<br \/>\n<a href=\"mailto:hn@hcnpartners.dk\">hn@hcnpartners.dk<\/a><\/p>\n<\/div><div class=\"icon-box icon-box-top\" ><div class=\"icon-box-icon fa-container\" style=\"margin-bottom: 0px;\"><a href=\"http:\/\/linkedin.com\/in\/henrik-nederschier-0099682\" target=\"_blank\" class=\"fa fa-stack fa-1x btn-accent fa-rounded btn-outline custom-link\" rel=\"nofollow noopener\"><i class=\"fa fa-linkedin\"><\/i><\/a><\/div><\/div><div class=\"uncode-single-media  text-left\"><div class=\"single-wrapper\" style=\"max-width: 100%;\"><div class=\"tmb tmb-light  tmb-media-first tmb-media-last tmb-content-overlay tmb-no-bg\">\n\t\t\t\t\t\t<div class=\"t-inside\"><div class=\"t-entry-visual\"><div class=\"t-entry-visual-tc\"><div class=\"uncode-single-media-wrapper\">\n\t\t\t\t\t\t\t\t\t<img decoding=\"async\" class=\"wp-image-41\" src=\"https:\/\/hcnpartners.com\/wp-content\/uploads\/2021\/03\/Casper-Noergaard-Grey.png\" width=\"1000\" height=\"667\" alt=\"\" title=\"\" srcset=\"https:\/\/hcnpartners.com\/wp-content\/uploads\/2021\/03\/Casper-Noergaard-Grey.png 1000w, https:\/\/hcnpartners.com\/wp-content\/uploads\/2021\/03\/Casper-Noergaard-Grey-300x200.png 300w, https:\/\/hcnpartners.com\/wp-content\/uploads\/2021\/03\/Casper-Noergaard-Grey-768x512.png 768w\" sizes=\"(max-width: 1000px) 100vw, 1000px\"><\/div>\n\t\t\t\t<\/div>\n\t\t\t<\/div><\/div>\n\t\t\t\t\t<\/div><\/div><\/div><div class=\"uncode_text_column vc_custom_1616489569080 text-small\"  style=\"padding-top: 20px ;\"><p><strong>Casper N\u00f8rgaard<\/strong><br \/>\nManaging Partner<\/p>\n<p>+45 60 38 87 69<br \/>\n<a href=\"mailto:cn@hcnpartners.dk\">cn@hcnpartners.dk<\/a><\/p>\n<\/div><div class=\"icon-box icon-box-top\" ><div class=\"icon-box-icon fa-container\" style=\"margin-bottom: 0px;\"><a href=\"http:\/\/linkedin.com\/in\/casper-n\u00f8rgaard-429b085\" target=\"_blank\" class=\"fa fa-stack fa-1x btn-accent fa-rounded btn-outline custom-link\" rel=\"nofollow noopener\"><i class=\"fa fa-linkedin\"><\/i><\/a><\/div><\/div><\/div><\/div><\/div><\/div><\/div><script id=\"script-row-146805\" data-row=\"script-row-146805\" type=\"text\/javascript\" class=\"vc_controls\">UNCODE.initRow(document.getElementById(\"row-146805\"));<\/script><\/div><\/div><\/div>\n<\/div>","protected":false},"excerpt":{"rendered":"We offer debt advisory services including structuring of credit facilities and restructuring of corporate ownershipDebt advisoryDebt capital markets are increasingly [...]","protected":false},"author":6,"featured_media":0,"parent":0,"menu_order":0,"comment_status":"closed","ping_status":"closed","template":"","meta":{"footnotes":""},"class_list":["post-973","page","type-page","status-publish","hentry"],"_links":{"self":[{"href":"https:\/\/hcnpartners.com\/da\/wp-json\/wp\/v2\/pages\/973","targetHints":{"allow":["GET"]}}],"collection":[{"href":"https:\/\/hcnpartners.com\/da\/wp-json\/wp\/v2\/pages"}],"about":[{"href":"https:\/\/hcnpartners.com\/da\/wp-json\/wp\/v2\/types\/page"}],"author":[{"embeddable":true,"href":"https:\/\/hcnpartners.com\/da\/wp-json\/wp\/v2\/users\/6"}],"replies":[{"embeddable":true,"href":"https:\/\/hcnpartners.com\/da\/wp-json\/wp\/v2\/comments?post=973"}],"version-history":[{"count":21,"href":"https:\/\/hcnpartners.com\/da\/wp-json\/wp\/v2\/pages\/973\/revisions"}],"predecessor-version":[{"id":2241,"href":"https:\/\/hcnpartners.com\/da\/wp-json\/wp\/v2\/pages\/973\/revisions\/2241"}],"wp:attachment":[{"href":"https:\/\/hcnpartners.com\/da\/wp-json\/wp\/v2\/media?parent=973"}],"curies":[{"name":"wp","href":"https:\/\/api.w.org\/{rel}","templated":true}]}}